{"id":10130,"date":"2025-10-16T16:03:45","date_gmt":"2025-10-16T13:03:45","guid":{"rendered":"https:\/\/www.starkcamtek.com\/?post_type=product&#038;p=10130"},"modified":"2025-10-16T16:05:03","modified_gmt":"2025-10-16T13:05:03","slug":"gold-air-cift-yonlu-havali-darbeli-komperesorlu-petek-temizleme-makinasi-full-set","status":"publish","type":"product","link":"https:\/\/www.starkcamtek.com\/de\/urunlerimiz\/petek-temizleme-makinasi\/gold-air-cift-yonlu-havali-darbeli-komperesorlu-petek-temizleme-makinasi-full-set\/","title":{"rendered":"Gold-air \u00c7ift Y\u00f6nl\u00fc Haval\u0131 Darbeli Komperes\u00f6rl\u00fc Petek Temizleme Makinas\u0131 ( FULL SET )"},"content":{"rendered":"<div class=\"product-detail\">\n<ol>\n<li><div style=\"width: 848px;\" class=\"wp-video\"><video class=\"wp-video-shortcode\" id=\"video-10130-1\" width=\"848\" height=\"480\" preload=\"metadata\" controls=\"controls\"><source type=\"video\/mp4\" src=\"https:\/\/www.kamtekmakina.com\/wp-content\/uploads\/2020\/09\/havali-25.mp4?_=1\" \/><a href=\"https:\/\/www.kamtekmakina.com\/wp-content\/uploads\/2020\/09\/havali-25.mp4\">https:\/\/www.kamtekmakina.com\/wp-content\/uploads\/2020\/09\/havali-25.mp4<\/a><\/video><\/div>\n<p>Kamtek Petek Temizleme Makinas\u0131 Gold-Air \u00c7ift Y\u00f6nl\u00fc Kompres\u00f6rl\u00fc Full\u00a0 Set<\/li>\n<\/ol>\n<h4>2 Jahre Vollgarantie bei Motorbrand.<\/h4>\n<p><strong>Kompressor-Wabenreinigungsmaschine<\/strong>Es ist ein ideales Ger\u00e4t zur Reinigung von Schlamm-, Kalk- und Rostablagerungen im Wabenkombikessel und Heizungssystem in k\u00fcrzester Zeit mit sauberem Druckwasser, ohne Wabe\/Heizk\u00f6rper\/Boiler zu demontieren.<\/p>\n<p>Die Gold-Air Wabenreinigungsmaschine ist eine Maschine, die Schlamm-, Kalk- und Rostr\u00fcckst\u00e4nde im Heizungs- und Sanit\u00e4rsystem sehr schnell mit sauberem Druckwasser reinigt. Nach nur einem Reinigungszyklus maximiert es die optimale Energieeffizienz des Kessels und die Gesamtleistung des Heizsystems; Es eliminiert Kesselger\u00e4usche und minimiert den Kraftstoffverbrauch, wodurch die Energieeffizienz gew\u00e4hrleistet wird. <strong>%100 Yerli \u00dcretim<\/strong> Ersatzteile sind leicht zu beschaffen. Es ist eine professionelle Maschine mit ergonomischer Struktur und stilvollem Aussehen.<\/p>\n<p><strong>Vorteile der Verwendung von Maschinen.<\/strong><\/p>\n<ul>\n<li>Es reinigt Kalk-, Schlamm-, Korrosions- und Rostablagerungen im Heizungs- und Installationssystem.<\/li>\n<li>Beseitigt Verkalkungen im Kombi.<\/li>\n<li>Es eliminiert die Betriebsger\u00e4usche und Zirkulationsprobleme des Kessels.<\/li>\n<li>Es reinigt und sch\u00fctzt das gesamte Heizungs- und Sanit\u00e4rsystem auf einmal.<\/li>\n<li>Mit seiner Zwei-Wege-Waschtechnologie reinigt er das System vollst\u00e4ndig von Schmutz, Rost und R\u00fcckst\u00e4nden.<\/li>\n<\/ul>\n<p><strong>Lieferumfang<\/strong><br \/>\n1 St\u00fcck Kamtek Wabenreinigungsmaschine mit Gold-Air-Doppelkompressor<br \/>\n2 x 2,35 Meter Vorlauf-\/R\u00fccklaufschlauch (hochtemperaturbest\u00e4ndig)<br \/>\n1 x 3,50 Meter Abwasserschlauch<br \/>\n1 St\u00fcck Anschlussschlauch f\u00fcr sauberes Wasser<br \/>\n1 Schalld\u00e4mpfer (Luftentstauber)<br \/>\n1 gegliederter Abwasserbeh\u00e4lter<br \/>\n1 St\u00fcck Schlauchbeutel<br \/>\n1 St\u00fcck Bedienungsanleitung<br \/>\n2 Jahre Garantie<\/p>\n<ul>\n<li><strong>Zertifikate<\/strong><br \/>\nCE-Dokument<br \/>\nISO 9001:2008-Zertifikat<br \/>\nGebrauchsmusterzertifikat<br \/>\nDesignregistrierungszertifikat<br \/>\nMarkenregistrierungszertifikat<\/li>\n<\/ul>\n<p><strong>Wie reinige ich Waben?<\/strong><\/p>\n<p>Badezimmer sind der beste Ort, um Heizungskerne zu reinigen.<\/p>\n<ol>\n<li>Entfernen Sie den Handtuchw\u00e4rmer oder Heizk\u00f6rper im Badezimmer, schlie\u00dfen Sie hier die GOLD-AIR-Maschine an.<\/li>\n<li>Verbinden Sie das andere Ende des Schlauchs, den Sie mit der \u201eK\u00dcHLERZUFUHRLEITUNG\u201c von GOLD-AIR verbunden haben, mit dem Warmwassereinlassventil des ausgebauten Heizk\u00f6rpers.<\/li>\n<li>Verbinden Sie ein Ende des zweiten Schlauchs mit dem Vorlaufventil des Heizk\u00f6rpers und f\u00fchren Sie das andere Ende zum Entleeren in die Toilette.<\/li>\n<li>Verbinden Sie das Ende des Schlauchs, den Sie mit dem \u201eCLEAN WATER INLET\u201c von GOLD-AIR verbunden haben, mit dem n\u00e4chsten Wasserhahn im Badezimmer, um die Installation mit Wasser zu versorgen.<\/li>\n<li>Schalten Sie den &quot;Energie&quot;-Schalter der Maschine ein.<\/li>\n<li>Schalten Sie das Wasser ein und aktivieren Sie die Taste \u201eWaschmodus\u201c und starten Sie die Reinigung.<\/li>\n<li>Schlie\u00dfen Sie alle Wabenventile und beginnen Sie, alle Waben nacheinander zu reinigen, wobei Sie nur 1 Kern offen lassen.<\/li>\n<li>Waben einzeln, min. In jeder Wabe wird f\u00fcr 10 Minuten eine Wasserzirkulation bereitgestellt.<\/li>\n<li>Nach Abschluss des Reinigungsvorgangs wird mit Hilfe des Kombi-Wasserabschlussventils Wasser in das System gepumpt und der Vorgang abgeschlossen.<\/li>\n<li>Die Reinigung der Waben dauert je nach Verschmutzung der Anlage ca. 40 Minuten bis 1 Stunde.<\/li>\n<\/ol>\n<p>HINWEIS: DIE PRODUKTE IN DER VISUALISIERUNG K\u00d6NNEN IN FARBE UND DESIGN ABWEICHEN, W\u00c4HREND DIE TECHNISCHEN EIGENSCHAFTEN SICH NICHT \u00c4NDERN.<\/p>\n<p>Weitere Informationen zur Wabenreinigung;\u00a0<a title=\"Kammak-Blog\" href=\"http:\/\/www.kamtekmakina.com\/\">Klicken<\/a><\/p>\n<\/div>\n<div class=\"product-specs-table\">\n<table class=\"table\" style=\"width: 100%;height: 264px\">\n<tbody>\n<tr style=\"height: 24px\">\n<td style=\"height: 24px\">MEDIZIN<\/td>\n<td style=\"height: 24px\">:<\/td>\n<td style=\"height: 24px\">Kompressor-Reinigungsmaschine<\/td>\n<\/tr>\n<tr style=\"height: 24px\">\n<td style=\"height: 24px\">DOPPELTE RICHTUNG<\/td>\n<td style=\"height: 24px\">:<\/td>\n<td style=\"height: 24px\">Es gibt<\/td>\n<\/tr>\n<tr style=\"height: 24px\">\n<td style=\"height: 24px\">HEIZUNG<\/td>\n<td style=\"height: 24px\">:<\/td>\n<td style=\"height: 24px\">ohne Heizung<\/td>\n<\/tr>\n<tr style=\"height: 48px\">\n<td style=\"height: 48px\">VERWENDUNG VON CHEMIKALIEN<\/td>\n<td style=\"height: 48px\">:<\/td>\n<td style=\"height: 48px\">Keine (f\u00fcr die Verwendung von chemischen Apparaten)!<\/td>\n<\/tr>\n<tr style=\"height: 48px\">\n<td style=\"height: 48px\">MAXIMALER DRUCK<\/td>\n<td style=\"height: 48px\">:<\/td>\n<td style=\"height: 48px\">8 Balken<\/td>\n<\/tr>\n<tr style=\"height: 24px\">\n<td style=\"height: 24px\">MOTORLEISTUNG<\/td>\n<td style=\"height: 24px\">:<\/td>\n<td style=\"height: 24px\">750 W \/ 1 PS<\/td>\n<\/tr>\n<tr style=\"height: 24px\">\n<td style=\"height: 24px\">FLIESSEN<\/td>\n<td style=\"height: 24px\">:<\/td>\n<td style=\"height: 24px\">110 l\/min<\/td>\n<\/tr>\n<tr style=\"height: 24px\">\n<td style=\"height: 24px\">GEWICHT<\/td>\n<td style=\"height: 24px\">:<\/td>\n<td style=\"height: 24px\">22 kg.<\/td>\n<\/tr>\n<tr style=\"height: 24px\">\n<td style=\"height: 24px\">ABMESSUNGEN<\/td>\n<td style=\"height: 24px\">:<\/td>\n<td style=\"height: 24px\">50 x 40 x 70 cm.<\/td>\n<\/tr>\n<\/tbody>\n<\/table>\n<\/div>","protected":false},"excerpt":{"rendered":"<p>Kamtek Petek Temizleme Makinas\u0131 Gold-Air \u00c7ift Y\u00f6nl\u00fc Kompres\u00f6rl\u00fc Full\u00a0 Set Motor Yanmalar\u0131 ile Birlikte 2 Y\u0131l Full Garanti. Kompres\u00f6rl\u00fc Petek Temizleme Makinas\u0131, bas\u0131n\u00e7l\u0131 temiz su kullanarak, petek\/radyat\u00f6r\/kombinizi yerinden s\u00f6kmeden, petek kombi ve \u0131s\u0131tma sisteminin i\u00e7erisinde olu\u015fan \u00e7amur, kire\u00e7 ve pas birikintilerini \u00e7ok k\u0131sa bir s\u00fcrede temizlemek i\u00e7in ideal bir makinedir. Gold-Air\u00a0 Petek Temizleme Makinesi, \u0131s\u0131tma [&hellip;]<\/p>","protected":false},"featured_media":10150,"comment_status":"open","ping_status":"closed","template":"","meta":[],"product_brand":[],"product_cat":[203],"product_tag":[],"class_list":{"0":"post-10130","1":"product","2":"type-product","3":"status-publish","4":"has-post-thumbnail","6":"product_cat-petek-temizleme-makinasi","8":"first","9":"instock","10":"sale","11":"taxable","12":"shipping-taxable","13":"purchasable","14":"product-type-simple"},"_links":{"self":[{"href":"https:\/\/www.starkcamtek.com\/de\/wp-json\/wp\/v2\/product\/10130","targetHints":{"allow":["GET"]}}],"collection":[{"href":"https:\/\/www.starkcamtek.com\/de\/wp-json\/wp\/v2\/product"}],"about":[{"href":"https:\/\/www.starkcamtek.com\/de\/wp-json\/wp\/v2\/types\/product"}],"replies":[{"embeddable":true,"href":"https:\/\/www.starkcamtek.com\/de\/wp-json\/wp\/v2\/comments?post=10130"}],"version-history":[{"count":1,"href":"https:\/\/www.starkcamtek.com\/de\/wp-json\/wp\/v2\/product\/10130\/revisions"}],"predecessor-version":[{"id":10151,"href":"https:\/\/www.starkcamtek.com\/de\/wp-json\/wp\/v2\/product\/10130\/revisions\/10151"}],"wp:featuredmedia":[{"embeddable":true,"href":"https:\/\/www.starkcamtek.com\/de\/wp-json\/wp\/v2\/media\/10150"}],"wp:attachment":[{"href":"https:\/\/www.starkcamtek.com\/de\/wp-json\/wp\/v2\/media?parent=10130"}],"wp:term":[{"taxonomy":"product_brand","embeddable":true,"href":"https:\/\/www.starkcamtek.com\/de\/wp-json\/wp\/v2\/product_brand?post=10130"},{"taxonomy":"product_cat","embeddable":true,"href":"https:\/\/www.starkcamtek.com\/de\/wp-json\/wp\/v2\/product_cat?post=10130"},{"taxonomy":"product_tag","embeddable":true,"href":"https:\/\/www.starkcamtek.com\/de\/wp-json\/wp\/v2\/product_tag?post=10130"}],"curies":[{"name":"wp","href":"https:\/\/api.w.org\/{rel}","templated":true}]}}