{"id":10132,"date":"2025-10-16T16:03:45","date_gmt":"2025-10-16T13:03:45","guid":{"rendered":"https:\/\/www.starkcamtek.com\/?post_type=product&#038;p=10132"},"modified":"2025-10-28T11:50:15","modified_gmt":"2025-10-28T08:50:15","slug":"gold-air-pro-turbo-fan-teknik-1","status":"publish","type":"product","link":"https:\/\/www.starkcamtek.com\/de\/urunlerimiz\/petek-temizleme-makinasi\/gold-air-pro-turbo-fan-teknik-1\/","title":{"rendered":"GOLD-A\u0130R PRO TURBO FAN TEKN\u0130K- 1"},"content":{"rendered":"<div class=\"product-detail\">\n<p><strong>GOLD -A\u0130R PRO TEKN\u0130K &#8211; 1<\/strong><\/p>\n<p><strong>\u00f6zellikler<\/strong><br \/>\nT\u00fcrkiye&#8217;nin ilk \u00e7anta tipi petek temizleme makinas\u0131 \u00e7antal\u0131 olup rahatl\u0131kla ta\u015f\u0131na bilen ,ve a\u00e7\u0131l\u0131p kapanabilen \u00e7ek\u00e7ek kulp ve teker sayesinde daha rahat \u015fekilde makineyi istedi\u011finiz yere \u00e7ekerek\u00a0 ta\u015f\u0131yabilirsiniz.<br \/>\n\u00c7antal\u0131 petek temizleme makinenin \u00e7anta gibi kapa\u011f\u0131n\u0131 a\u00e7arak makinenin kontrol panosu makinenin kapak k\u0131sm\u0131nda oldu\u011funu g\u00f6rebilirsiniz. \u00c7antan\u0131n g\u00f6vdesinde ise bas\u0131n\u00e7 ayar\u0131 bulunmaktad\u0131r. bas\u0131n\u00e7 g\u00f6stergesi hava tank\u0131n\u0131n doluluk oran\u0131n\u0131 g\u00f6steren bas\u0131n\u00e7 g\u00f6stergesinin sayesinde hava tank\u0131n\u0131n doluluk oran\u0131n\u0131 g\u00f6rebilirsiniz.<br \/>\n\u00c7antal\u0131 petek temizleme makinesinin y\u0131kama esnas\u0131nda makinenizin su ile temas\u0131n\u0131 yerden kesmek i\u00e7i makinenin g\u00f6vdesine katlanabilen 30 cm y\u00fcksekli\u011finde 4 adet ayak bulunmaktad\u0131r. y\u0131kama esnas\u0131nda makinenizin \u0131s\u0131s\u0131n\u0131 kontrol alt\u0131na alabilmek i\u00e7in turbo fan so\u011futucu bulunmaktad\u0131r .<br \/>\nGOLD-A\u0130R PRO TEKN\u0130K &#8211; 1 Makinesinin g\u00f6vde \u00fczerinde 1 adet hava jak\u0131 bulunmaktad\u0131r. hava jak\u0131 sayesinde istedi\u011finiz herhangi bir hava ihtiyac\u0131nda kullan\u0131lmaktad\u0131r .<\/p>\n<h4>2 Jahre Vollgarantie bei Motorbrand.<\/h4>\n<p><strong>Kompressor-Wabenreinigungsmaschine<\/strong>, bas\u0131n\u00e7l\u0131 temiz su kullanarak, petek\/radyat\u00f6r\/kombinizi yerinden s\u00f6kmeden, petek kombi ve \u0131s\u0131tma sisteminin i\u00e7erisinde olu\u015fan \u00e7amur, kire\u00e7 ve pas birikintilerini \u00e7ok k\u0131sa bir s\u00fcrede temizlemek i\u00e7in harika bir makinedir.<\/p>\n<p>Gold-Air Pro Teknik-1 Petek Temizleme Makinesi, \u0131s\u0131tma ve tesisat sistemindeki, \u00e7amur, kire\u00e7, pas art\u0131klar\u0131n\u0131 bas\u0131n\u00e7l\u0131 temiz su kullanarak \u00e7ok h\u0131zl\u0131 \u015fekilde temizleyen bir makinedir. Sadece bir temizleme i\u015flemi sonras\u0131nda, kombinin optimum enerji verimlilik oran\u0131n\u0131 ve genel \u0131s\u0131tma sistem performans\u0131n\u0131 en y\u00fcksek seviyeye \u00e7\u0131kar\u0131r; kombi g\u00fcr\u00fclt\u00fcs\u00fcn\u00fc ortadan kald\u0131r\u0131r ve yak\u0131t t\u00fcketimini en aza indirerek enerji verimlili\u011fi sa\u011flar. <strong>%100 Yerli \u00dcretim<\/strong> oldu\u011fu i\u00e7in yedek par\u00e7a temini kolayd\u0131r. Ergonomik yap\u0131s\u0131 ve \u015f\u0131k g\u00f6r\u00fcn\u00fcm\u00fcyle profesyonel bir makinedir.<\/p>\n<p><strong>Vorteile der Verwendung von Maschinen.<\/strong><\/p>\n<ul>\n<li>Es reinigt Kalk-, Schlamm-, Korrosions- und Rostablagerungen im Heizungs- und Installationssystem.<\/li>\n<li>Beseitigt Verkalkungen im Kombi.<\/li>\n<li>Es eliminiert die Betriebsger\u00e4usche und Zirkulationsprobleme des Kessels.<\/li>\n<li>Es reinigt und sch\u00fctzt das gesamte Heizungs- und Sanit\u00e4rsystem auf einmal.<\/li>\n<li>Mit seiner Zwei-Wege-Waschtechnologie reinigt er das System vollst\u00e4ndig von Schmutz, Rost und R\u00fcckst\u00e4nden.<\/li>\n<\/ul>\n<p><strong>Lieferumfang<\/strong><br \/>\n1 Adet Kamtek Petek Temizleme Makinas\u0131 Gold-Air PRO Teknik-1-\u00c7ift Y\u00f6nl\u00fc Kompres\u00f6rl\u00fc<br \/>\n2 x 2,35 Meter Vorlauf-\/R\u00fccklaufschlauch (hochtemperaturbest\u00e4ndig)<br \/>\n1 x 3,50 Meter Abwasserschlauch<br \/>\n1 St\u00fcck Anschlussschlauch f\u00fcr sauberes Wasser<br \/>\n1 gegliederter Abwasserbeh\u00e4lter<br \/>\n1 St\u00fcck Schlauchbeutel<br \/>\n1 St\u00fcck Bedienungsanleitung<br \/>\n2 Jahre Garantie<br \/>\n1 Adet ila\u00e7 kullan\u0131m aparat\u0131<\/p>\n<ul>\n<li><strong>Zertifikate<\/strong><br \/>\nCE-Dokument<br \/>\nISO 9001:2008-Zertifikat<br \/>\nGebrauchsmusterzertifikat<br \/>\nDesignregistrierungszertifikat<br \/>\nMarkenregistrierungszertifikat<\/li>\n<\/ul>\n<p><strong>Wie reinige ich Waben?<\/strong><\/p>\n<p>Badezimmer sind der beste Ort, um Heizungskerne zu reinigen.<\/p>\n<ol>\n<li>Banyodaki havlupan veya radyat\u00f6r\u00fc s\u00f6k\u00fcn, GOLD -A\u0130R PRO TEKN\u0130K 1 makinay\u0131 buraya ba\u011flay\u0131n.<\/li>\n<li>GOLD-A\u0130R Pro Teknik \u2018in \u201cRADYAT\u00d6R BASMA HATTI\u201dna ba\u011flad\u0131\u011f\u0131n\u0131z hortumun di\u011fer ucunu da s\u00f6kt\u00fc\u011f\u00fcn\u00fcz radyat\u00f6r\u00fcn s\u0131cak su geli\u015f y\u00f6n\u00fc vanas\u0131na tak\u0131n.<\/li>\n<li>Verbinden Sie ein Ende des zweiten Schlauchs mit dem Vorlaufventil des Heizk\u00f6rpers und f\u00fchren Sie das andere Ende zum Entleeren in die Toilette.<\/li>\n<li>GOLD-A\u0130R TEKN\u0130K 1 \u2018in \u201cTEM\u0130Z SU G\u0130R\u0130\u015e\u0130\u201dne ba\u011flad\u0131\u011f\u0131n\u0131z hortumun ucunu, Tesisata su verebilmek i\u00e7in banyodaki en yak\u0131n muslu\u011fa ba\u011flay\u0131n.<\/li>\n<li>Schalten Sie den &quot;Energie&quot;-Schalter der Maschine ein.<\/li>\n<li>Schalten Sie das Wasser ein und aktivieren Sie die Taste \u201eWaschmodus\u201c und starten Sie die Reinigung.<\/li>\n<li>Schlie\u00dfen Sie alle Wabenventile und beginnen Sie, alle Waben nacheinander zu reinigen, wobei Sie nur 1 Kern offen lassen.<\/li>\n<li>Waben einzeln, min. In jeder Wabe wird f\u00fcr 10 Minuten eine Wasserzirkulation bereitgestellt.<\/li>\n<li>Nach Abschluss des Reinigungsvorgangs wird mit Hilfe des Kombi-Wasserabschlussventils Wasser in das System gepumpt und der Vorgang abgeschlossen.<\/li>\n<li>Die Reinigung der Waben dauert je nach Verschmutzung der Anlage ca. 40 Minuten bis 1 Stunde.<\/li>\n<\/ol>\n<p><strong>HINWEIS: DIE PRODUKTE IN DER VISUALISIERUNG K\u00d6NNEN IN FARBE UND DESIGN ABWEICHEN, W\u00c4HREND DIE TECHNISCHEN EIGENSCHAFTEN SICH NICHT \u00c4NDERN.<\/strong><\/p>\n<p>Weitere Informationen zur Wabenreinigung;\u00a0<a title=\"Kammak-Blog\" href=\"http:\/\/www.kamtekmakina.com\/\">Klicken<\/a><\/p>\n<\/div>\n<div class=\"product-specs-table\">\n<table class=\"table\" style=\"width: 95.4051%;height: 276px\">\n<tbody>\n<tr style=\"height: 24px\">\n<td style=\"height: 24px;width: 33.3736%\">MEDIZIN<\/td>\n<td style=\"height: 24px;width: 1.57195%\">:<\/td>\n<td style=\"height: 24px;width: 59.5757%\">Kompressor-Reinigungsmaschine<\/td>\n<\/tr>\n<tr style=\"height: 24px\">\n<td style=\"height: 24px;width: 33.3736%\">DOPPELTE RICHTUNG<\/td>\n<td style=\"height: 24px;width: 1.57195%\">:<\/td>\n<td style=\"height: 24px;width: 59.5757%\">Es gibt<\/td>\n<\/tr>\n<tr style=\"height: 24px\">\n<td style=\"height: 24px;width: 33.3736%\">HEIZUNG<\/td>\n<td style=\"height: 24px;width: 1.57195%\">:<\/td>\n<td style=\"height: 24px;width: 59.5757%\">ohne Heizung<\/td>\n<\/tr>\n<tr style=\"height: 48px\">\n<td style=\"height: 48px;width: 33.3736%\">VERWENDUNG VON CHEMIKALIEN<\/td>\n<td style=\"height: 48px;width: 1.57195%\">:<\/td>\n<td style=\"height: 48px;width: 59.5757%\">aparat ile mevcut<\/td>\n<\/tr>\n<tr style=\"height: 48px\">\n<td style=\"height: 48px;width: 33.3736%\">MAXIMALER DRUCK<\/td>\n<td style=\"height: 48px;width: 1.57195%\">:<\/td>\n<td style=\"height: 48px;width: 59.5757%\">8 Balken<\/td>\n<\/tr>\n<tr style=\"height: 24px\">\n<td style=\"height: 24px;width: 33.3736%\">MOTORLEISTUNG<\/td>\n<td style=\"height: 24px;width: 1.57195%\">:<\/td>\n<td style=\"height: 24px;width: 59.5757%\">750 W \/ 1 PS<\/td>\n<\/tr>\n<tr style=\"height: 24px\">\n<td style=\"height: 24px;width: 33.3736%\">FLIESSEN<\/td>\n<td style=\"height: 24px;width: 1.57195%\">:<\/td>\n<td style=\"height: 24px;width: 59.5757%\">110 l\/min<\/td>\n<\/tr>\n<tr style=\"height: 24px\">\n<td style=\"height: 24px;width: 33.3736%\">GEWICHT<\/td>\n<td style=\"height: 24px;width: 1.57195%\">:<\/td>\n<td style=\"height: 24px;width: 59.5757%\">20 kg.<\/td>\n<\/tr>\n<tr style=\"height: 24px\">\n<td style=\"height: 36px;width: 33.3736%\">ABMESSUNGEN<\/td>\n<td style=\"height: 36px;width: 1.57195%\">:<\/td>\n<td style=\"height: 36px;width: 59.5757%\">44&#215;44.5&#215;26 cm.<\/td>\n<\/tr>\n<\/tbody>\n<\/table>\n<\/div>","protected":false},"excerpt":{"rendered":"<p>GOLD -A\u0130R PRO TEKN\u0130K &#8211; 1 \u00f6zellikler T\u00fcrkiye&#8217;nin ilk \u00e7anta tipi petek temizleme makinas\u0131 \u00e7antal\u0131 olup rahatl\u0131kla ta\u015f\u0131na bilen ,ve a\u00e7\u0131l\u0131p kapanabilen \u00e7ek\u00e7ek kulp ve teker sayesinde daha rahat \u015fekilde makineyi istedi\u011finiz yere \u00e7ekerek\u00a0 ta\u015f\u0131yabilirsiniz. \u00c7antal\u0131 petek temizleme makinenin \u00e7anta gibi kapa\u011f\u0131n\u0131 a\u00e7arak makinenin kontrol panosu makinenin kapak k\u0131sm\u0131nda oldu\u011funu g\u00f6rebilirsiniz. \u00c7antan\u0131n g\u00f6vdesinde ise bas\u0131n\u00e7 [&hellip;]<\/p>","protected":false},"featured_media":10160,"comment_status":"open","ping_status":"closed","template":"","meta":[],"product_brand":[],"product_cat":[203],"product_tag":[],"class_list":{"0":"post-10132","1":"product","2":"type-product","3":"status-publish","4":"has-post-thumbnail","6":"product_cat-petek-temizleme-makinasi","8":"first","9":"instock","10":"sale","11":"taxable","12":"shipping-taxable","13":"purchasable","14":"product-type-simple"},"_links":{"self":[{"href":"https:\/\/www.starkcamtek.com\/de\/wp-json\/wp\/v2\/product\/10132","targetHints":{"allow":["GET"]}}],"collection":[{"href":"https:\/\/www.starkcamtek.com\/de\/wp-json\/wp\/v2\/product"}],"about":[{"href":"https:\/\/www.starkcamtek.com\/de\/wp-json\/wp\/v2\/types\/product"}],"replies":[{"embeddable":true,"href":"https:\/\/www.starkcamtek.com\/de\/wp-json\/wp\/v2\/comments?post=10132"}],"version-history":[{"count":1,"href":"https:\/\/www.starkcamtek.com\/de\/wp-json\/wp\/v2\/product\/10132\/revisions"}],"predecessor-version":[{"id":10161,"href":"https:\/\/www.starkcamtek.com\/de\/wp-json\/wp\/v2\/product\/10132\/revisions\/10161"}],"wp:featuredmedia":[{"embeddable":true,"href":"https:\/\/www.starkcamtek.com\/de\/wp-json\/wp\/v2\/media\/10160"}],"wp:attachment":[{"href":"https:\/\/www.starkcamtek.com\/de\/wp-json\/wp\/v2\/media?parent=10132"}],"wp:term":[{"taxonomy":"product_brand","embeddable":true,"href":"https:\/\/www.starkcamtek.com\/de\/wp-json\/wp\/v2\/product_brand?post=10132"},{"taxonomy":"product_cat","embeddable":true,"href":"https:\/\/www.starkcamtek.com\/de\/wp-json\/wp\/v2\/product_cat?post=10132"},{"taxonomy":"product_tag","embeddable":true,"href":"https:\/\/www.starkcamtek.com\/de\/wp-json\/wp\/v2\/product_tag?post=10132"}],"curies":[{"name":"wp","href":"https:\/\/api.w.org\/{rel}","templated":true}]}}