{"id":10133,"date":"2025-10-16T16:03:45","date_gmt":"2025-10-16T13:03:45","guid":{"rendered":"https:\/\/www.starkcamtek.com\/?post_type=product&#038;p=10133"},"modified":"2025-11-14T13:40:27","modified_gmt":"2025-11-14T10:40:27","slug":"gold-air-prof-double-sogutucu-2-full-set","status":"publish","type":"product","link":"https:\/\/www.starkcamtek.com\/de\/urunlerimiz\/allgemeines\/gold-air-prof-double-sogutucu-2-full-set\/","title":{"rendered":"GOLD-A\u0130R PROF (double) SO\u011eUTUCU 2 (FULL SET)"},"content":{"rendered":"<div class=\"product-detail\">\n<p><strong>Kamtek Petek Temizleme Makinas\u0131 GOLD-A\u0130R PROF DOUBLE SO\u011eUTUCULU Kompres\u00f6rl\u00fc Full\u00a0 Set<\/strong><\/p>\n<h4>2 Jahre Vollgarantie bei Motorbrand.<br \/>\n\u00c7\u0130FT SO\u011eUTUCULU OLUP KES\u0130NL\u0130KLE ISINMA YAPMAZ VE MAK\u0130NEN\u0130N \u00d6MR\u00dcN\u00dc UZATIR.<\/h4>\n<p><strong>Kompressor-Wabenreinigungsmaschine<\/strong>, bas\u0131n\u00e7l\u0131 temiz su kullanarak, petek\/radyat\u00f6r\/kombinizi yerinden s\u00f6kmeden, petek kombi ve \u0131s\u0131tma sisteminin i\u00e7erisinde olu\u015fan \u00e7amur, kire\u00e7 ve pas birikintilerini \u00e7ok k\u0131sa bir s\u00fcrede temizlemek i\u00e7in profesyonel bir makinedir.<\/p>\n<p>GOLD-A\u0130R PROF DOUBLE SO\u011eUTUCU\u00a0 Petek Temizleme Makinesi, \u0131s\u0131tma ve tesisat sistemindeki, \u00e7amur, kire\u00e7, pas art\u0131klar\u0131n\u0131 bas\u0131n\u00e7l\u0131 temiz su kullanarak \u00e7ok h\u0131zl\u0131 bir \u015fekilde temizleyen bir makinedir. Sadece bir temizleme i\u015flemi sonras\u0131nda, kombinin optimum enerji verimlilik oran\u0131n\u0131 ve genel \u0131s\u0131tma sistem performans\u0131n\u0131 en y\u00fcksek seviyeye \u00e7\u0131kar\u0131r; kombi g\u00fcr\u00fclt\u00fcs\u00fcn\u00fc ortadan kald\u0131r\u0131r ve yak\u0131t t\u00fcketimini en aza indirerek enerji verimlili\u011fi sa\u011flar. <strong>%100 Yerli \u00dcretim<\/strong> Ersatzteile sind leicht zu beschaffen. Es ist eine professionelle Maschine mit ergonomischer Struktur und stilvollem Aussehen.<\/p>\n<p><strong>Vorteile der Verwendung von Maschinen.<\/strong><\/p>\n<ul>\n<li>Es reinigt Kalk-, Schlamm-, Korrosions- und Rostablagerungen im Heizungs- und Installationssystem.<\/li>\n<li>Beseitigt Verkalkungen im Kombi.<\/li>\n<li>Es eliminiert die Betriebsger\u00e4usche und Zirkulationsprobleme des Kessels.<\/li>\n<li>Es reinigt und sch\u00fctzt das gesamte Heizungs- und Sanit\u00e4rsystem auf einmal.<\/li>\n<li>Mit seiner Zwei-Wege-Waschtechnologie reinigt er das System vollst\u00e4ndig von Schmutz, Rost und R\u00fcckst\u00e4nden.<\/li>\n<\/ul>\n<p><strong>Lieferumfang<\/strong><br \/>\n1 Adet Kamtek Petek Temizleme Makinas\u0131 GOLD-A\u0130R PROF DOUBLE SO\u011eUTUCU-\u00c7ift Y\u00f6nl\u00fc Kompres\u00f6rl\u00fc<br \/>\n2 x 2,35 Meter Vorlauf-\/R\u00fccklaufschlauch (hochtemperaturbest\u00e4ndig)<br \/>\n1 x 3,50 Meter Abwasserschlauch<br \/>\n1 St\u00fcck Anschlussschlauch f\u00fcr sauberes Wasser<br \/>\n1 Schalld\u00e4mpfer (Luftentstauber)<br \/>\n1 gegliederter Abwasserbeh\u00e4lter<br \/>\n1 St\u00fcck Schlauchbeutel<br \/>\n1 St\u00fcck Bedienungsanleitung<br \/>\n2 Jahre Garantie<br \/>\n1 Adet \u0130la\u00e7 kullanma Aparat\u0131<\/p>\n<p><strong>Zertifikate<\/strong><br \/>\nCE-Dokument<br \/>\nISO 9001:2008-Zertifikat<br \/>\nGebrauchsmusterzertifikat<br \/>\nDesignregistrierungszertifikat<br \/>\nMarkenregistrierungszertifikat<\/p>\n<p><strong>Wie reinige ich Waben?<\/strong><\/p>\n<p>Badezimmer sind der beste Ort, um Heizungskerne zu reinigen.<\/p>\n<ol>\n<li>Banyodaki havlupan veya radyat\u00f6r\u00fc s\u00f6k\u00fcn, GOLD -A\u0130R\u00a0 PROF makinay\u0131 buraya ba\u011flay\u0131n.<\/li>\n<li>GOLD-PROF \u2018un \u201cRADYAT\u00d6R BASMA HATTI\u201dna ba\u011flad\u0131\u011f\u0131n\u0131z hortumun di\u011fer ucunu da s\u00f6kt\u00fc\u011f\u00fcn\u00fcz radyat\u00f6r\u00fcn s\u0131cak su geli\u015f y\u00f6n\u00fc vanas\u0131na tak\u0131n.<\/li>\n<li>Verbinden Sie ein Ende des zweiten Schlauchs mit dem Vorlaufventil des Heizk\u00f6rpers und f\u00fchren Sie das andere Ende zum Entleeren in die Toilette.<\/li>\n<li>GOLD-A\u0130R PROF DOUBLE\u00a0 \u2018\u0131n \u201cTEM\u0130Z SU G\u0130R\u0130\u015e\u0130\u201dne ba\u011flad\u0131\u011f\u0131n\u0131z hortumun ucunu, Tesisata su verebilmek i\u00e7in banyodaki en yak\u0131n muslu\u011fa ba\u011flay\u0131n.<\/li>\n<li>Schalten Sie den &quot;Energie&quot;-Schalter der Maschine ein.<\/li>\n<li>Schalten Sie das Wasser ein und aktivieren Sie die Taste \u201eWaschmodus\u201c und starten Sie die Reinigung.<\/li>\n<li>Schlie\u00dfen Sie alle Wabenventile und beginnen Sie, alle Waben nacheinander zu reinigen, wobei Sie nur 1 Kern offen lassen.<\/li>\n<li>Waben einzeln, min. In jeder Wabe wird f\u00fcr 10 Minuten eine Wasserzirkulation bereitgestellt.<\/li>\n<li>Nach Abschluss des Reinigungsvorgangs wird mit Hilfe des Kombi-Wasserabschlussventils Wasser in das System gepumpt und der Vorgang abgeschlossen.<\/li>\n<li>Die Reinigung der Waben dauert je nach Verschmutzung der Anlage ca. 40 Minuten bis 1 Stunde.<\/li>\n<\/ol>\n<p><strong>HINWEIS: DIE PRODUKTE IN DER VISUALISIERUNG K\u00d6NNEN IN FARBE UND DESIGN ABWEICHEN, W\u00c4HREND DIE TECHNISCHEN EIGENSCHAFTEN SICH NICHT \u00c4NDERN.<\/strong><\/p>\n<p>Weitere Informationen zur Wabenreinigung;\u00a0<a title=\"Kammak-Blog\" href=\"http:\/\/www.kamtekmakina.com\/\">Klicken<\/a><\/p>\n<\/div>\n<div class=\"product-specs-table\">\n<table class=\"table\" style=\"width: 101.856%;height: 264px\">\n<tbody>\n<tr style=\"height: 24px\">\n<td style=\"height: 24px\">MEDIZIN<\/td>\n<td style=\"height: 24px\">:<\/td>\n<td style=\"height: 24px\">\u00a0Kompressor-Reinigungsmaschine<\/td>\n<\/tr>\n<tr style=\"height: 24px\">\n<td style=\"height: 24px\">DOPPELTE RICHTUNG<\/td>\n<td style=\"height: 24px\">:<\/td>\n<td style=\"height: 24px\">Es gibt<\/td>\n<\/tr>\n<tr style=\"height: 24px\">\n<td style=\"height: 24px\">HEIZUNG<\/td>\n<td style=\"height: 24px\">:<\/td>\n<td style=\"height: 24px\">ohne Heizung<\/td>\n<\/tr>\n<tr style=\"height: 48px\">\n<td style=\"height: 48px\">VERWENDUNG VON CHEMIKALIEN<\/td>\n<td style=\"height: 48px\">:<\/td>\n<td style=\"height: 48px\">Es gibt<\/td>\n<\/tr>\n<tr style=\"height: 48px\">\n<td style=\"height: 48px\">MAXIMALER DRUCK<\/td>\n<td style=\"height: 48px\">:<\/td>\n<td style=\"height: 48px\">8 bar \u00a0PROF DOUBLE SO\u011eUTUCU<\/td>\n<\/tr>\n<tr style=\"height: 24px\">\n<td style=\"height: 24px\">MOTORLEISTUNG<\/td>\n<td style=\"height: 24px\">:<\/td>\n<td style=\"height: 24px\">750 W \/ 1 PS<\/td>\n<\/tr>\n<tr style=\"height: 24px\">\n<td style=\"height: 24px\">FLIESSEN<\/td>\n<td style=\"height: 24px\">:<\/td>\n<td style=\"height: 24px\">110 l\/min<\/td>\n<\/tr>\n<tr style=\"height: 24px\">\n<td style=\"height: 24px\">GEWICHT<\/td>\n<td style=\"height: 24px\">:<\/td>\n<td style=\"height: 24px\">22 kg.<\/td>\n<\/tr>\n<tr style=\"height: 24px\">\n<td style=\"height: 24px\">ABMESSUNGEN<\/td>\n<td style=\"height: 24px\">:<\/td>\n<td style=\"height: 24px\">50 x 40 x 70 cm.<\/td>\n<\/tr>\n<\/tbody>\n<\/table>\n<\/div>","protected":false},"excerpt":{"rendered":"<p>Kamtek Petek Temizleme Makinas\u0131 GOLD-A\u0130R PROF DOUBLE SO\u011eUTUCULU Kompres\u00f6rl\u00fc Full\u00a0 Set Motor Yanmalar\u0131 ile Birlikte 2 Y\u0131l Full Garanti. \u00c7\u0130FT SO\u011eUTUCULU OLUP KES\u0130NL\u0130KLE ISINMA YAPMAZ VE MAK\u0130NEN\u0130N \u00d6MR\u00dcN\u00dc UZATIR. Kompres\u00f6rl\u00fc Petek Temizleme Makinas\u0131, bas\u0131n\u00e7l\u0131 temiz su kullanarak, petek\/radyat\u00f6r\/kombinizi yerinden s\u00f6kmeden, petek kombi ve \u0131s\u0131tma sisteminin i\u00e7erisinde olu\u015fan \u00e7amur, kire\u00e7 ve pas birikintilerini \u00e7ok k\u0131sa bir [&hellip;]<\/p>","protected":false},"featured_media":10164,"comment_status":"open","ping_status":"closed","template":"","meta":[],"product_brand":[],"product_cat":[15,203],"product_tag":[],"class_list":{"0":"post-10133","1":"product","2":"type-product","3":"status-publish","4":"has-post-thumbnail","6":"product_cat-genel","7":"product_cat-petek-temizleme-makinasi","9":"first","10":"instock","11":"sale","12":"taxable","13":"shipping-taxable","14":"purchasable","15":"product-type-simple"},"_links":{"self":[{"href":"https:\/\/www.starkcamtek.com\/de\/wp-json\/wp\/v2\/product\/10133","targetHints":{"allow":["GET"]}}],"collection":[{"href":"https:\/\/www.starkcamtek.com\/de\/wp-json\/wp\/v2\/product"}],"about":[{"href":"https:\/\/www.starkcamtek.com\/de\/wp-json\/wp\/v2\/types\/product"}],"replies":[{"embeddable":true,"href":"https:\/\/www.starkcamtek.com\/de\/wp-json\/wp\/v2\/comments?post=10133"}],"version-history":[{"count":1,"href":"https:\/\/www.starkcamtek.com\/de\/wp-json\/wp\/v2\/product\/10133\/revisions"}],"predecessor-version":[{"id":10165,"href":"https:\/\/www.starkcamtek.com\/de\/wp-json\/wp\/v2\/product\/10133\/revisions\/10165"}],"wp:featuredmedia":[{"embeddable":true,"href":"https:\/\/www.starkcamtek.com\/de\/wp-json\/wp\/v2\/media\/10164"}],"wp:attachment":[{"href":"https:\/\/www.starkcamtek.com\/de\/wp-json\/wp\/v2\/media?parent=10133"}],"wp:term":[{"taxonomy":"product_brand","embeddable":true,"href":"https:\/\/www.starkcamtek.com\/de\/wp-json\/wp\/v2\/product_brand?post=10133"},{"taxonomy":"product_cat","embeddable":true,"href":"https:\/\/www.starkcamtek.com\/de\/wp-json\/wp\/v2\/product_cat?post=10133"},{"taxonomy":"product_tag","embeddable":true,"href":"https:\/\/www.starkcamtek.com\/de\/wp-json\/wp\/v2\/product_tag?post=10133"}],"curies":[{"name":"wp","href":"https:\/\/api.w.org\/{rel}","templated":true}]}}