{"id":10134,"date":"2025-10-16T16:03:45","date_gmt":"2025-10-16T13:03:45","guid":{"rendered":"https:\/\/www.starkcamtek.com\/?post_type=product&#038;p=10134"},"modified":"2025-11-14T13:41:37","modified_gmt":"2025-11-14T10:41:37","slug":"oto-kalorifer-radyator-temizleme-mak-prof-max-3","status":"publish","type":"product","link":"https:\/\/www.starkcamtek.com\/de\/urunlerimiz\/allgemeines\/oto-kalorifer-radyator-temizleme-mak-prof-max-3\/","title":{"rendered":"AUTOHEIZK\u00dcHLERREINIGUNG MAK PROF MAX-3"},"content":{"rendered":"<p>GOLD -AIR PRO MAX -3 MASCHINENMERKMALE<br \/>\nDie erste Beutel-Wabenreinigungsmaschine der T\u00fcrkei mit einem Beutel, der leicht getragen werden kann, und dank des Wischergriffs und des Rads, das ge\u00f6ffnet und geschlossen werden kann, k\u00f6nnen Sie Ihre Maschine leichter ziehen oder tragen, wohin Sie wollen.<br \/>\nWenn Sie die Abdeckung unserer Wabenreinigungsmaschine mit einem Beutel wie einem Beutel \u00f6ffnen, befindet sich das Bedienfeld der Maschine auf der Abdeckung des Beutels und es gibt eine Druckeinstellung am K\u00f6rper des Beutels.<br \/>\nUm den Kontakt Ihrer Maschine mit Wasser aus dem Boden w\u00e4hrend des Waschens zu unterbinden, verf\u00fcgt die Wabenreinigungsmaschine mit Beutel \u00fcber 4 Beine mit einer H\u00f6he von 30 cm, die in den Maschinenk\u00f6rper eingeklappt werden k\u00f6nnen Kontrollieren Sie die Temperatur Ihrer Maschine w\u00e4hrend des Waschens.<br \/>\nAm K\u00f6rper der GOLD-AIR PRO-Maschine befindet sich 1 Luftbuchse.Dank der Luftbuchse kann sie f\u00fcr jeden gew\u00fcnschten Luftbedarf verwendet werden.<\/p>\n<h4>2 Jahre Vollgarantie bei Motorbrand.<\/h4>\n<p><strong>Kompressor-Wabenreinigungsmaschine<\/strong>Es ist ein ideales Ger\u00e4t zur Reinigung von Schlamm-, Kalk- und Rostablagerungen im Wabenkombikessel und Heizungssystem in k\u00fcrzester Zeit mit sauberem Druckwasser, ohne Wabe\/Heizk\u00f6rper\/Boiler zu demontieren.<\/p>\n<p>Die Kernreinigungsmaschine Gold-Air Pro Max 3 ist eine Maschine, die Schlamm-, Kalk- und Rostr\u00fcckst\u00e4nde im Heizungs- und Heizk\u00f6rpersystem sehr schnell mit sauberem Druckwasser reinigt. Maximiert die Energieeffizienz und die Gesamtleistung des Heizsystems nach nur einem Reinigungszyklus; eliminiert Ger\u00e4usche und minimiert den Kraftstoffverbrauch, wodurch die Energieeffizienz gew\u00e4hrleistet wird. <strong>%100 Yerli \u00dcretim<\/strong> Ersatzteile sind leicht zu beschaffen. Es ist eine professionelle, kompakte Maschine mit ergonomischer Struktur und stilvollem Aussehen.<\/p>\n<p><strong>Vorteile der Verwendung von Maschinen.<\/strong><\/p>\n<ul>\n<li>Es reinigt Kalk-, Schlamm-, Korrosions- und Rostablagerungen im Heizungs- und Installationssystem.<\/li>\n<li>Beseitigt Verkalkung im K\u00fchler.<\/li>\n<li>Es behebt die Ger\u00e4uschentwicklung und Zirkulationsprobleme des CAR-K\u00fchlers.<\/li>\n<li>Es reinigt und sch\u00fctzt das gesamte Heizungs- und Sanit\u00e4rsystem auf einmal.<\/li>\n<li>Mit seiner Zwei-Wege-Waschtechnologie reinigt er das System vollst\u00e4ndig von Schmutz, Rost und R\u00fcckst\u00e4nden.<\/li>\n<\/ul>\n<p><strong>Lieferumfang<\/strong><br \/>\n1 St\u00fcck Kamtek Wabenreinigungsmaschine Gold-Air PrO max 1-Zwei-Wege-Kompressor<br \/>\n2 x 4 Meter Vor-\/R\u00fccklaufschlauch (hochtemperaturbest\u00e4ndig)<br \/>\n1 St\u00fcck 4 Meter Abwasserschlauch<br \/>\n1 St\u00fcck Anschlussschlauch f\u00fcr sauberes Wasser<br \/>\n1 gegliederter Abwasserbeh\u00e4lter<br \/>\n1 St\u00fcck Schlauchbeutel<br \/>\n1 St\u00fcck Bedienungsanleitung<br \/>\n2 Jahre Garantie<br \/>\n1 St\u00fcck Dosierger\u00e4t (f\u00fcr medizinische Zwecke gefiltert)<br \/>\n6 St\u00fcck Heizk\u00f6rperverbinder<\/p>\n<p><strong>Zertifikate<\/strong><br \/>\nCE-Dokument<br \/>\nISO 9001:2008-Zertifikat<br \/>\nGebrauchsmusterzertifikat<br \/>\nDesignregistrierungszertifikat<br \/>\nMarkenregistrierungszertifikat<\/p>\n<div class=\"product-detail\">\n<p>HINWEIS: DIE PRODUKTE IN DER VISUALISIERUNG K\u00d6NNEN IN FARBE UND DESIGN ABWEICHEN, W\u00c4HREND DIE TECHNISCHEN EIGENSCHAFTEN SICH NICHT \u00c4NDERN.<\/p>\n<p>Weitere Informationen zur Wabenreinigung;\u00a0<a title=\"Kammak-Blog\" href=\"http:\/\/www.kamtekmakina.com\/\">Klicken<\/a><\/p>\n<\/div>\n<div class=\"product-specs-table\">\n<table class=\"table\" style=\"width: 95.4051%;height: 276px\">\n<tbody>\n<tr style=\"height: 24px\">\n<td style=\"height: 24px;width: 33.3736%\">MEDIZIN<\/td>\n<td style=\"height: 24px;width: 1.57195%\">:<\/td>\n<td style=\"height: 24px;width: 59.5757%\">Kompressor-Reinigungsmaschine<\/td>\n<\/tr>\n<tr style=\"height: 24px\">\n<td style=\"height: 24px;width: 33.3736%\">DOPPELTE RICHTUNG<\/td>\n<td style=\"height: 24px;width: 1.57195%\">:<\/td>\n<td style=\"height: 24px;width: 59.5757%\">Es gibt<\/td>\n<\/tr>\n<tr style=\"height: 24px\">\n<td style=\"height: 24px;width: 33.3736%\">HEIZUNG<\/td>\n<td style=\"height: 24px;width: 1.57195%\">:<\/td>\n<td style=\"height: 24px;width: 59.5757%\">ohne Heizung<\/td>\n<\/tr>\n<tr style=\"height: 48px\">\n<td style=\"height: 48px;width: 33.3736%\">VERWENDUNG VON CHEMIKALIEN<\/td>\n<td style=\"height: 48px;width: 1.57195%\">:<\/td>\n<td style=\"height: 48px;width: 59.5757%\">Keine (f\u00fcr die Verwendung von chemischen Apparaten)!<\/td>\n<\/tr>\n<tr style=\"height: 48px\">\n<td style=\"height: 48px;width: 33.3736%\">MAXIMALER DRUCK<\/td>\n<td style=\"height: 48px;width: 1.57195%\">:<\/td>\n<td style=\"height: 48px;width: 59.5757%\">8 Balken<\/td>\n<\/tr>\n<tr style=\"height: 24px\">\n<td style=\"height: 24px;width: 33.3736%\">MOTORLEISTUNG<\/td>\n<td style=\"height: 24px;width: 1.57195%\">:<\/td>\n<td style=\"height: 24px;width: 59.5757%\">750 W \/ 1 PS<\/td>\n<\/tr>\n<tr style=\"height: 24px\">\n<td style=\"height: 24px;width: 33.3736%\">FLIESSEN<\/td>\n<td style=\"height: 24px;width: 1.57195%\">:<\/td>\n<td style=\"height: 24px;width: 59.5757%\">110 l\/min<\/td>\n<\/tr>\n<tr style=\"height: 24px\">\n<td style=\"height: 24px;width: 33.3736%\">GEWICHT<\/td>\n<td style=\"height: 24px;width: 1.57195%\">:<\/td>\n<td style=\"height: 24px;width: 59.5757%\">20 kg.<\/td>\n<\/tr>\n<tr style=\"height: 24px\">\n<td style=\"height: 36px;width: 33.3736%\">ABMESSUNGEN<\/td>\n<td style=\"height: 36px;width: 1.57195%\">:<\/td>\n<td style=\"height: 36px;width: 59.5757%\">44&#215;44.5&#215;26 cm.<\/td>\n<\/tr>\n<\/tbody>\n<\/table>\n<\/div>","protected":false},"excerpt":{"rendered":"<p>GOLD -A\u0130R PRO MAX -3\u00a0 MAK\u0130NANIN \u00d6ZEL\u0130KLER\u0130 T\u00fcrkiyenin ilk \u00e7anta tipi petek temizleme makinas\u0131 \u00e7antal\u0131 olup rahatl\u0131kla ta\u015f\u0131na bilen ,ve a\u00e7\u0131l\u0131p kapanabilen \u00e7ek\u00e7ek kulp ve teker sayesinde daha rahat makinan\u0131z\u0131n istedi\u011finiz yere \u00e7ekerek veya ta\u015f\u0131yabilirsiniz \u00c7antal\u0131 petek temizleme makinemizin \u00e7anta gibi kapag\u0131n\u0131 a\u00e7t\u0131\u011f\u0131n\u0131zda makinenin kumanda panosu \u00e7antan\u0131n kapa\u011f\u0131ndad\u0131r ve \u00e7antan\u0131n g\u00f6vdesinde ise bas\u0131n\u00e7 ayar\u0131 bulumaktad\u0131r [&hellip;]<\/p>","protected":false},"featured_media":10171,"comment_status":"open","ping_status":"closed","template":"","meta":[],"product_brand":[],"product_cat":[15,205],"product_tag":[],"class_list":{"0":"post-10134","1":"product","2":"type-product","3":"status-publish","4":"has-post-thumbnail","6":"product_cat-genel","7":"product_cat-oto-radyator-temizleme-makinalari","9":"first","10":"instock","11":"sale","12":"taxable","13":"shipping-taxable","14":"purchasable","15":"product-type-simple"},"_links":{"self":[{"href":"https:\/\/www.starkcamtek.com\/de\/wp-json\/wp\/v2\/product\/10134","targetHints":{"allow":["GET"]}}],"collection":[{"href":"https:\/\/www.starkcamtek.com\/de\/wp-json\/wp\/v2\/product"}],"about":[{"href":"https:\/\/www.starkcamtek.com\/de\/wp-json\/wp\/v2\/types\/product"}],"replies":[{"embeddable":true,"href":"https:\/\/www.starkcamtek.com\/de\/wp-json\/wp\/v2\/comments?post=10134"}],"version-history":[{"count":1,"href":"https:\/\/www.starkcamtek.com\/de\/wp-json\/wp\/v2\/product\/10134\/revisions"}],"predecessor-version":[{"id":10172,"href":"https:\/\/www.starkcamtek.com\/de\/wp-json\/wp\/v2\/product\/10134\/revisions\/10172"}],"wp:featuredmedia":[{"embeddable":true,"href":"https:\/\/www.starkcamtek.com\/de\/wp-json\/wp\/v2\/media\/10171"}],"wp:attachment":[{"href":"https:\/\/www.starkcamtek.com\/de\/wp-json\/wp\/v2\/media?parent=10134"}],"wp:term":[{"taxonomy":"product_brand","embeddable":true,"href":"https:\/\/www.starkcamtek.com\/de\/wp-json\/wp\/v2\/product_brand?post=10134"},{"taxonomy":"product_cat","embeddable":true,"href":"https:\/\/www.starkcamtek.com\/de\/wp-json\/wp\/v2\/product_cat?post=10134"},{"taxonomy":"product_tag","embeddable":true,"href":"https:\/\/www.starkcamtek.com\/de\/wp-json\/wp\/v2\/product_tag?post=10134"}],"curies":[{"name":"wp","href":"https:\/\/api.w.org\/{rel}","templated":true}]}}