{"id":10138,"date":"2025-10-16T16:03:45","date_gmt":"2025-10-16T13:03:45","guid":{"rendered":"https:\/\/www.starkcamtek.com\/?post_type=product&#038;p=10138"},"modified":"2025-10-17T16:23:52","modified_gmt":"2025-10-17T13:23:52","slug":"koruklu-pis-su-atik-bidonu","status":"publish","type":"product","link":"https:\/\/www.starkcamtek.com\/de\/urunlerimiz\/yedek-parca\/koruklu-pis-su-atik-bidonu\/","title":{"rendered":"K\u00f6r\u00fckl\u00fc Pis Su At\u0131k Bidonu"},"content":{"rendered":"<p>Kamtek Makinan\u0131n \u00d6zel \u00dcretmi\u015f Old\u011fu GOLD-A\u0130R Serisine Tak\u0131labilen K\u00f6r\u00fckl\u00fc Pis Su At\u0131k Bidonumuz Makinalar\u0131m\u0131z Y\u00fcksek Bas\u0131n\u00e7 Sa\u011flad\u0131\u011f\u0131 \u0130\u00e7in Yap\u0131lm\u0131\u015ft\u0131r Ald\u0131\u011f\u0131n\u0131z Takdirde Hi\u00e7bir \u015fekilde Etraf\u0131n Kirlenmesi S\u00f6z Konusu De\u011fildir&#8230;<\/p>","protected":false},"excerpt":{"rendered":"<p>Kamtek Makinan\u0131n \u00d6zel \u00dcretmi\u015f Old\u011fu GOLD-A\u0130R Serisine Tak\u0131labilen K\u00f6r\u00fckl\u00fc Pis Su At\u0131k Bidonumuz Makinalar\u0131m\u0131z Y\u00fcksek Bas\u0131n\u00e7 Sa\u011flad\u0131\u011f\u0131 \u0130\u00e7in Yap\u0131lm\u0131\u015ft\u0131r Ald\u0131\u011f\u0131n\u0131z Takdirde Hi\u00e7bir \u015fekilde Etraf\u0131n Kirlenmesi S\u00f6z Konusu De\u011fildir&#8230;<\/p>","protected":false},"featured_media":10184,"comment_status":"open","ping_status":"closed","template":"","meta":[],"product_brand":[],"product_cat":[204],"product_tag":[],"class_list":{"0":"post-10138","1":"product","2":"type-product","3":"status-publish","4":"has-post-thumbnail","6":"product_cat-yedek-parca","8":"first","9":"instock","10":"sale","11":"taxable","12":"shipping-taxable","13":"purchasable","14":"product-type-simple"},"_links":{"self":[{"href":"https:\/\/www.starkcamtek.com\/de\/wp-json\/wp\/v2\/product\/10138","targetHints":{"allow":["GET"]}}],"collection":[{"href":"https:\/\/www.starkcamtek.com\/de\/wp-json\/wp\/v2\/product"}],"about":[{"href":"https:\/\/www.starkcamtek.com\/de\/wp-json\/wp\/v2\/types\/product"}],"replies":[{"embeddable":true,"href":"https:\/\/www.starkcamtek.com\/de\/wp-json\/wp\/v2\/comments?post=10138"}],"version-history":[{"count":1,"href":"https:\/\/www.starkcamtek.com\/de\/wp-json\/wp\/v2\/product\/10138\/revisions"}],"predecessor-version":[{"id":10185,"href":"https:\/\/www.starkcamtek.com\/de\/wp-json\/wp\/v2\/product\/10138\/revisions\/10185"}],"wp:featuredmedia":[{"embeddable":true,"href":"https:\/\/www.starkcamtek.com\/de\/wp-json\/wp\/v2\/media\/10184"}],"wp:attachment":[{"href":"https:\/\/www.starkcamtek.com\/de\/wp-json\/wp\/v2\/media?parent=10138"}],"wp:term":[{"taxonomy":"product_brand","embeddable":true,"href":"https:\/\/www.starkcamtek.com\/de\/wp-json\/wp\/v2\/product_brand?post=10138"},{"taxonomy":"product_cat","embeddable":true,"href":"https:\/\/www.starkcamtek.com\/de\/wp-json\/wp\/v2\/product_cat?post=10138"},{"taxonomy":"product_tag","embeddable":true,"href":"https:\/\/www.starkcamtek.com\/de\/wp-json\/wp\/v2\/product_tag?post=10138"}],"curies":[{"name":"wp","href":"https:\/\/api.w.org\/{rel}","templated":true}]}}