{"id":10140,"date":"2025-10-16T16:03:46","date_gmt":"2025-10-16T13:03:46","guid":{"rendered":"https:\/\/www.starkcamtek.com\/?post_type=product&#038;p=10140"},"modified":"2025-11-14T13:40:43","modified_gmt":"2025-11-14T10:40:43","slug":"kombi-petek-temizleme-kimyasali-1-koli-10-adet","status":"publish","type":"product","link":"https:\/\/www.starkcamtek.com\/de\/urunlerimiz\/allgemeines\/kombi-petek-temizleme-kimyasali-1-koli-10-adet\/","title":{"rendered":"Kombi Petek Temizleme Kimyasal\u0131 1 Koli 10 Adet"},"content":{"rendered":"<p>\u00dcR\u00dcN \u00d6ZELL\u0130KLER\u0130<\/p>\n<p>Tesisat\u0131n\u0131z\u0131n i\u00e7erisinde bulunan pas, kire\u00e7, yosun gibi birikintileri etkili bir bi\u00e7imde temizleyerek, sizlere \u0131s\u0131 tasarrufu ve tesisat \u00f6mr\u00fcn\u00fcn uzamas\u0131n\u0131 sa\u011flar.<\/p>\n<p>\u0130\u00e7erdi\u011fi bile\u015fenler ile tesisat\u0131n\u0131za zarar vermez, kirecin zararl\u0131 etkilerinden tesisat\u0131n\u0131z\u0131 korur.<\/p>\n<p>Konsantre yap\u0131s\u0131 nedeniyle de Kamtek Temizleme Kimyasal\u0131 ile t\u00fcm tesisat\u0131n\u0131z\u0131 temizleme olana\u011f\u0131na sahip olursunuz. (Toplam Su miktar\u0131 150 lt.)<\/p>\n<p>Kokusu ile de size zarar vermez. Do\u011fa dostu bir \u00fcr\u00fcnd\u00fcr. Kesinlikle ozon tabakas\u0131na ve \u00e7evreye zararl\u0131 bile\u015fenler i\u00e7ermez.<\/p>\n<p>Kimyasal\u0131 uygularken Nas\u0131l uygulanaca\u011f\u0131n\u0131 bilmiyorsan\u0131z mutlaka Kamtek Makina Teknik servisini arayarak bununla ilgili hizmet alabilirsiniz.<\/p>\n<p>Memnuniyet garantisi verdi\u011fimiz bir \u00fcr\u00fcnd\u00fcr.<\/p>\n<p>Kamtek Petek Temizleme Kimyasal\u0131<\/p>\n<p>Evlerde kullan\u0131lan kalorifer petekleri zaman i\u00e7inde tortulan\u0131r ve tortular birikir. Birikmeden kaynakl\u0131 olarak da petekler i\u00e7erisindeki su sirk\u00fclasyonu zorla\u015f\u0131r. Bu sebeple de kombinizin verimi d\u00fc\u015ferek \u0131s\u0131 yay\u0131l\u0131m\u0131n\u0131 etkiler. Is\u0131nmak i\u00e7in kombiye y\u00fckleniriz ve ciddi bir enerji kayb\u0131 olu\u015fur. Is\u0131nmayla ilgili sorun oldu\u011funda genellikle kombi i\u00e7in tesisat\u00e7\u0131 \u00e7a\u011f\u0131r\u0131r\u0131z ancak sorun devam eder. Is\u0131 ak\u0131\u015f\u0131n\u0131 sa\u011flamak i\u00e7in d\u00fczenli olarak peteklerin temizlenmesi gerekmektedir. Peteklerin temizli\u011fi olduk\u00e7a kolayd\u0131r. Petekleri temizlemek i\u00e7in Kamtek petek temizleme kimyasal\u0131 kullan\u0131lmaktad\u0131r. Kullan\u0131lan kimyasal madde ile peteklerin i\u00e7inde birikmi\u015f olan, tortu, kire\u00e7 ve \u00e7amurlanma problemi yok edilir. B\u00f6ylece kombinizi \u00e7al\u0131\u015ft\u0131rd\u0131\u011f\u0131n\u0131z zaman \u0131s\u0131y\u0131 daha \u00e7abuk ve kaliteli hissedersiniz.<\/p>\n<p>Kamtek Petek temizleme kimyasal\u0131 ile yap\u0131lan bu i\u015flem ile hem kombinizin \u00f6mr\u00fcn\u00fc uzat\u0131r, hem de \u0131s\u0131 ile ilgili daha fazla verim al\u0131rs\u0131n\u0131z. Y\u0131lda %40 a varan oranlarda tasarruf elde etmi\u015f olursunuz. Bu i\u015flem Kamtek Petek Temizleme makinalar\u0131 ve kimyasallar\u0131yla yap\u0131lan ve her y\u0131l tekrarlanmas\u0131 gereken bir i\u015flemdir. \u00d6zellikle yeni in\u015fa edilmi\u015f binalarda, yeni kullan\u0131lmaya ba\u015flanacak \u0131s\u0131tma sistemlerinde, daha sonra olu\u015fabilecek, kombi ve yo\u011fu\u015fmal\u0131 kazanlarda meydana gelebilecek kire\u00e7, \u00e7amur, k\u0131\u015f\u0131r ve tortu problemlerini \u00f6nlemek i\u00e7in kimyasal y\u0131kama yap\u0131lmal\u0131d\u0131r. Kimyasal petek temizleme y\u0131kama sonras\u0131nda tesisat\u0131 korur, \u0131s\u0131 kayb\u0131n\u0131 \u00f6nler, peteklerdeki su ak\u0131\u015f\u0131n\u0131 normal seviyede tutar, herhangi bir t\u0131kan\u0131kl\u0131k, kire\u00e7 ve benzer sorunlar\u0131n \u00f6n\u00fcne ge\u00e7er.<\/p>\n<p>Kamtek Petek temizleme kimyasal\u0131 ile y\u0131kama \u00f6zellikle yerden \u0131s\u0131tma sistemlerinde \u00f6nem arz eder. Bu sistemde \u00e7al\u0131\u015fan peteklerdeki suyun \u00e7amurla\u015fmas\u0131n\u0131, tortulanmas\u0131n\u0131 ve kire\u00e7lenmesini \u00f6nleyerek rand\u0131manl\u0131 ve \u0131s\u0131 kayb\u0131 olmaks\u0131z\u0131n verimlilik sunar. Hem enerji kayb\u0131na u\u011framazs\u0131n\u0131z, hem de y\u00fcksek de\u011ferde b\u00fct\u00e7enize yard\u0131m\u0131 olur. D\u00fc\u015f\u00fck enerjiyle iyi bir \u0131s\u0131 verimi al\u0131nabilmesi i\u00e7in kimyasal y\u0131kamay\u0131 d\u00fczenli olarak yapt\u0131rmak gerekmektedir. Her y\u0131l periyodik olarak kimyasal y\u0131kama yap\u0131lmas\u0131 halinde kombinin \u00e7al\u0131\u015fma \u00f6mr\u00fc uzar ve t\u00fcm sistem korunmu\u015f olur.<\/p>\n<p>Bilinen her marka kombi cihazlar\u0131nda, plastik ve metal dola\u015f\u0131m tesisat\u0131nda, d\u00f6kme ve panel radyat\u00f6rlerde, yerden \u0131s\u0131tma sistemlerinde g\u00fcvenle kullan\u0131l\u0131r.<\/p>\n<p>Kombi ve peteklerde olu\u015fmu\u015f kire\u00e7 pas ve t\u0131kan\u0131kl\u0131\u011f\u0131 giderir. Kombi ve sisteminize asla zarar vermez,<\/p>\n<p>Size \u0131s\u0131 ve yak\u0131t tasarrufu sa\u011flar. Kombi ve tesisat\u0131n\u0131z\u0131n \u00f6mr\u00fcn\u00fc uzat\u0131r. Pahal\u0131 bak\u0131m ve tesisat\u0131n\u0131z\u0131n masraflar\u0131na son verir.<\/p>\n<p>Uygulama \u015eekli<\/p>\n<p>Kombiyi ay\u0131rmadan, kombi ve sistem \u00e7al\u0131\u015f\u0131rken yap\u0131lmaktad\u0131r.<\/p>\n<p>\u00c7al\u0131\u015fma ortam\u0131nda kirlilik olu\u015fmaz. Sistemin kirlilik durumu da g\u00f6z \u00f6n\u00fcne al\u0131narak iyi bir uygulama 1 saat s\u00fcrebilir.<\/p>\n<p>Kullan\u0131m Alanlar\u0131<\/p>\n<p>Her marka model kombi ve yo\u011fu\u015fmal\u0131 kazanlarda<\/p>\n<p>Al\u00fcminyum, panel, d\u00f6kme peteklerde<\/p>\n<p>Demir, bak\u0131r, plastik borularda<\/p>\n<p>Yerden \u0131s\u0131tma sistemlerinde<\/p>\n<p>Ara\u00e7 radyat\u00f6r temizleme i\u015fleminde kullan\u0131l\u0131r.<\/p>","protected":false},"excerpt":{"rendered":"<p>\u00dcR\u00dcN \u00d6ZELL\u0130KLER\u0130 Tesisat\u0131n\u0131z\u0131n i\u00e7erisinde bulunan pas, kire\u00e7, yosun gibi birikintileri etkili bir bi\u00e7imde temizleyerek, sizlere \u0131s\u0131 tasarrufu ve tesisat \u00f6mr\u00fcn\u00fcn uzamas\u0131n\u0131 sa\u011flar. \u0130\u00e7erdi\u011fi bile\u015fenler ile tesisat\u0131n\u0131za zarar vermez, kirecin zararl\u0131 etkilerinden tesisat\u0131n\u0131z\u0131 korur. Konsantre yap\u0131s\u0131 nedeniyle de Kamtek Temizleme Kimyasal\u0131 ile t\u00fcm tesisat\u0131n\u0131z\u0131 temizleme olana\u011f\u0131na sahip olursunuz. (Toplam Su miktar\u0131 150 lt.) Kokusu ile de [&hellip;]<\/p>","protected":false},"featured_media":10189,"comment_status":"open","ping_status":"closed","template":"","meta":[],"product_brand":[],"product_cat":[15],"product_tag":[],"class_list":{"0":"post-10140","1":"product","2":"type-product","3":"status-publish","4":"has-post-thumbnail","6":"product_cat-genel","8":"first","9":"instock","10":"sale","11":"taxable","12":"shipping-taxable","13":"purchasable","14":"product-type-simple"},"_links":{"self":[{"href":"https:\/\/www.starkcamtek.com\/de\/wp-json\/wp\/v2\/product\/10140","targetHints":{"allow":["GET"]}}],"collection":[{"href":"https:\/\/www.starkcamtek.com\/de\/wp-json\/wp\/v2\/product"}],"about":[{"href":"https:\/\/www.starkcamtek.com\/de\/wp-json\/wp\/v2\/types\/product"}],"replies":[{"embeddable":true,"href":"https:\/\/www.starkcamtek.com\/de\/wp-json\/wp\/v2\/comments?post=10140"}],"version-history":[{"count":1,"href":"https:\/\/www.starkcamtek.com\/de\/wp-json\/wp\/v2\/product\/10140\/revisions"}],"predecessor-version":[{"id":10190,"href":"https:\/\/www.starkcamtek.com\/de\/wp-json\/wp\/v2\/product\/10140\/revisions\/10190"}],"wp:featuredmedia":[{"embeddable":true,"href":"https:\/\/www.starkcamtek.com\/de\/wp-json\/wp\/v2\/media\/10189"}],"wp:attachment":[{"href":"https:\/\/www.starkcamtek.com\/de\/wp-json\/wp\/v2\/media?parent=10140"}],"wp:term":[{"taxonomy":"product_brand","embeddable":true,"href":"https:\/\/www.starkcamtek.com\/de\/wp-json\/wp\/v2\/product_brand?post=10140"},{"taxonomy":"product_cat","embeddable":true,"href":"https:\/\/www.starkcamtek.com\/de\/wp-json\/wp\/v2\/product_cat?post=10140"},{"taxonomy":"product_tag","embeddable":true,"href":"https:\/\/www.starkcamtek.com\/de\/wp-json\/wp\/v2\/product_tag?post=10140"}],"curies":[{"name":"wp","href":"https:\/\/api.w.org\/{rel}","templated":true}]}}