{"id":10149,"date":"2025-10-16T16:03:46","date_gmt":"2025-10-16T13:03:46","guid":{"rendered":"https:\/\/www.starkcamtek.com\/?post_type=product&#038;p=10149"},"modified":"2025-12-04T01:12:56","modified_gmt":"2025-12-03T22:12:56","slug":"light-power-0-90-hp-cift-yonlu","status":"publish","type":"product","link":"https:\/\/www.starkcamtek.com\/de\/urunlerimiz\/petek-temizleme-makinasi\/light-power-0-90-hp-cift-yonlu\/","title":{"rendered":"Light Power 0.90 hp \u00e7ift y\u00f6nl\u00fc"},"content":{"rendered":"<h3 data-start=\"227\" data-end=\"293\">\ud83d\udca7\u00a0<strong data-start=\"234\" data-end=\"293\">LIGHT POWER 0.90 HP \u00c7ift Y\u00f6nl\u00fc Petek Temizleme Makinas\u0131<\/strong><\/h3>\n<p data-start=\"295\" data-end=\"626\">Petek ve tesisat temizli\u011finde maksimum performans arayan profesyoneller i\u00e7in \u00f6zel olarak tasarlanan\u00a0<strong data-start=\"395\" data-end=\"418\">LIGHT POWER 0.90 HP<\/strong>, dayan\u0131kl\u0131l\u0131\u011f\u0131, g\u00fc\u00e7l\u00fc motoru ve pratik kullan\u0131m\u0131yla sekt\u00f6rde fark yarat\u0131yor.<br data-start=\"495\" data-end=\"498\" \/>Modern tasar\u0131m\u0131 ve y\u00fcksek performansl\u0131 yap\u0131s\u0131 sayesinde, her t\u00fcrl\u00fc kombi ve kalorifer sisteminde etkili temizlik imk\u00e2n\u0131 sunar.<\/p>\n<p data-start=\"628\" data-end=\"901\">Makinede yer alan\u00a0<strong data-start=\"646\" data-end=\"675\">\u0131s\u0131t\u0131c\u0131 rezistans sistemi<\/strong>, suyu k\u0131sa s\u00fcrede \u0131s\u0131tarak kimyasal\u0131n etkinli\u011fini art\u0131r\u0131r ve inat\u00e7\u0131 tortular\u0131 h\u0131zl\u0131ca \u00e7\u00f6zer. B\u00f6ylece petek i\u00e7lerinde biriken kire\u00e7, \u00e7amur ve pas kal\u0131nt\u0131lar\u0131 tamamen temizlenir, \u0131s\u0131 verimi artar ve enerji tasarrufu sa\u011flan\u0131r.<\/p>\n<p data-start=\"903\" data-end=\"1151\"><strong data-start=\"903\" data-end=\"935\">\u00c7ift y\u00f6nl\u00fc temizlik \u00f6zelli\u011fi<\/strong>, suyun tesisat i\u00e7inde ileri ve geri y\u00f6nde hareket etmesini sa\u011flayarak tek y\u00f6nl\u00fc sistemlere g\u00f6re \u00e7ok daha derin bir temizlik sunar. Bu \u00f6zellik sayesinde boru hatt\u0131nda s\u0131k\u0131\u015fm\u0131\u015f kal\u0131nt\u0131lar bile kolayca d\u0131\u015far\u0131 at\u0131l\u0131r.<\/p>\n<p data-start=\"1153\" data-end=\"1349\">Ayr\u0131ca\u00a0<strong data-start=\"1160\" data-end=\"1205\">3 ila 7 bar aras\u0131nda bas\u0131n\u00e7<\/strong>\u00a0kontrol\u00fcyle, hem hassas hem de g\u00fc\u00e7l\u00fc sistemlerde g\u00fcvenli temizlik yap\u0131labilir. Bu sayede peteklere zarar vermeden maksimum verim elde edilir.<\/p>\n<p data-start=\"1351\" data-end=\"1782\">Sadece\u00a0<strong data-start=\"1358\" data-end=\"1385\">12 kilogram a\u011f\u0131rl\u0131\u011f\u0131nda<\/strong>\u00a0olan LIGHT POWER,\u00a0<strong data-start=\"1404\" data-end=\"1436\">kol ask\u0131s\u0131 ve kompakt yap\u0131s\u0131<\/strong>\u00a0sayesinde kolay ta\u015f\u0131nabilir. Ustalar i\u00e7in mobilite ve kullan\u0131m kolayl\u0131\u011f\u0131 \u00f6n planda tutulmu\u015ftur.<br data-start=\"1532\" data-end=\"1535\" \/><strong data-start=\"1535\" data-end=\"1566\">15 litrelik geni\u015f su deposu<\/strong>, uzun s\u00fcreli temizliklerde s\u00fcrekli su doldurma ihtiyac\u0131n\u0131 ortadan kald\u0131r\u0131r.<br data-start=\"1642\" data-end=\"1645\" \/>Makineyle birlikte gelen\u00a0<strong data-start=\"1670\" data-end=\"1710\">2,5 metrelik 3 adet ba\u011flant\u0131 hortumu<\/strong>, her t\u00fcrl\u00fc tesisata rahat eri\u015fim sa\u011flar ve \u00e7al\u0131\u015fma konforunu art\u0131r\u0131r.<\/p>\n<p data-start=\"1784\" data-end=\"1972\"><strong data-start=\"1784\" data-end=\"1843\">LIGHT POWER 0.90 HP \u00c7ift Y\u00f6nl\u00fc Petek Temizleme Makinas\u0131<\/strong>, dayan\u0131kl\u0131 g\u00f6vdesi, profesyonel donan\u0131m\u0131 ve kullan\u0131c\u0131 dostu tasar\u0131m\u0131yla tesisat temizli\u011finde g\u00fcvenilir bir \u00e7\u00f6z\u00fcm orta\u011f\u0131n\u0131zd\u0131r.<\/p>\n<p data-start=\"1974\" data-end=\"2136\">\ud83d\udd39 Enerji verimlili\u011fini art\u0131r\u0131r<br data-start=\"2005\" data-end=\"2008\" \/>\ud83d\udd39 Is\u0131tma sisteminin \u00f6mr\u00fcn\u00fc uzat\u0131r<br data-start=\"2042\" data-end=\"2045\" \/>\ud83d\udd39 Petek performans\u0131n\u0131 ilk g\u00fcnk\u00fc haline getirir<br data-start=\"2092\" data-end=\"2095\" \/>\ud83d\udd39 Zaman ve i\u015f g\u00fcc\u00fcnden tasarruf sa\u011flar<\/p>\n<table class=\"table\" style=\"width: 406px\">\n<tbody>\n<tr>\n<td style=\"width: 183px\">MEDIZIN<\/td>\n<td style=\"width: 9px\">:<\/td>\n<td style=\"width: 214px\">S\u00fcrtme Fanl\u0131 Motor<\/td>\n<\/tr>\n<tr>\n<td style=\"width: 183px\">DOPPELTE RICHTUNG<\/td>\n<td style=\"width: 9px\">:<\/td>\n<td style=\"width: 214px\">Es gibt<\/td>\n<\/tr>\n<tr>\n<td style=\"width: 183px\">HEIZUNG<\/td>\n<td style=\"width: 9px\">:<\/td>\n<td style=\"width: 214px\">Es gibt<\/td>\n<\/tr>\n<tr>\n<td style=\"width: 183px\">VERWENDUNG VON CHEMIKALIEN<\/td>\n<td style=\"width: 9px\">:<\/td>\n<td style=\"width: 214px\">Es gibt<\/td>\n<\/tr>\n<tr>\n<td style=\"width: 183px\">TANKVOLUMEN<\/td>\n<td style=\"width: 9px\">:<\/td>\n<td style=\"width: 214px\">15 lt.<\/td>\n<\/tr>\n<tr>\n<td style=\"width: 183px\">MAXIMALER DRUCK<\/td>\n<td style=\"width: 9px\">:<\/td>\n<td style=\"width: 214px\">3-7 max bar<\/td>\n<\/tr>\n<tr>\n<td style=\"width: 183px\">MOTORLEISTUNG<\/td>\n<td style=\"width: 9px\">:<\/td>\n<td style=\"width: 214px\">750 W \/ 1 PS<\/td>\n<\/tr>\n<tr>\n<td style=\"width: 183px\">FLIESSEN<\/td>\n<td style=\"width: 9px\">:<\/td>\n<td style=\"width: 214px\">35 \/1 dk<\/td>\n<\/tr>\n<tr>\n<td style=\"width: 183px\">GEWICHT<\/td>\n<td style=\"width: 9px\">:<\/td>\n<td style=\"width: 214px\">12 kg.<\/td>\n<\/tr>\n<tr>\n<td style=\"width: 183px\">ABMESSUNGEN<\/td>\n<td style=\"width: 9px\">:<\/td>\n<td style=\"width: 214px\">20x42x50 cm.<\/td>\n<\/tr>\n<\/tbody>\n<\/table>","protected":false},"excerpt":{"rendered":"<p>\ud83d\udca7\u00a0LIGHT POWER 0.90 HP \u00c7ift Y\u00f6nl\u00fc Petek Temizleme Makinas\u0131 Petek ve tesisat temizli\u011finde maksimum performans arayan profesyoneller i\u00e7in \u00f6zel olarak tasarlanan\u00a0LIGHT POWER 0.90 HP, dayan\u0131kl\u0131l\u0131\u011f\u0131, g\u00fc\u00e7l\u00fc motoru ve pratik kullan\u0131m\u0131yla sekt\u00f6rde fark yarat\u0131yor.Modern tasar\u0131m\u0131 ve y\u00fcksek performansl\u0131 yap\u0131s\u0131 sayesinde, her t\u00fcrl\u00fc kombi ve kalorifer sisteminde etkili temizlik imk\u00e2n\u0131 sunar. Makinede yer alan\u00a0\u0131s\u0131t\u0131c\u0131 rezistans sistemi, suyu [&hellip;]<\/p>","protected":false},"featured_media":10226,"comment_status":"open","ping_status":"closed","template":"","meta":[],"product_brand":[],"product_cat":[209,203],"product_tag":[],"class_list":{"0":"post-10149","1":"product","2":"type-product","3":"status-publish","4":"has-post-thumbnail","6":"product_cat-kombi-temizleme-makinasi","7":"product_cat-petek-temizleme-makinasi","9":"first","10":"instock","11":"sale","12":"taxable","13":"shipping-taxable","14":"purchasable","15":"product-type-simple"},"_links":{"self":[{"href":"https:\/\/www.starkcamtek.com\/de\/wp-json\/wp\/v2\/product\/10149","targetHints":{"allow":["GET"]}}],"collection":[{"href":"https:\/\/www.starkcamtek.com\/de\/wp-json\/wp\/v2\/product"}],"about":[{"href":"https:\/\/www.starkcamtek.com\/de\/wp-json\/wp\/v2\/types\/product"}],"replies":[{"embeddable":true,"href":"https:\/\/www.starkcamtek.com\/de\/wp-json\/wp\/v2\/comments?post=10149"}],"version-history":[{"count":1,"href":"https:\/\/www.starkcamtek.com\/de\/wp-json\/wp\/v2\/product\/10149\/revisions"}],"predecessor-version":[{"id":10227,"href":"https:\/\/www.starkcamtek.com\/de\/wp-json\/wp\/v2\/product\/10149\/revisions\/10227"}],"wp:featuredmedia":[{"embeddable":true,"href":"https:\/\/www.starkcamtek.com\/de\/wp-json\/wp\/v2\/media\/10226"}],"wp:attachment":[{"href":"https:\/\/www.starkcamtek.com\/de\/wp-json\/wp\/v2\/media?parent=10149"}],"wp:term":[{"taxonomy":"product_brand","embeddable":true,"href":"https:\/\/www.starkcamtek.com\/de\/wp-json\/wp\/v2\/product_brand?post=10149"},{"taxonomy":"product_cat","embeddable":true,"href":"https:\/\/www.starkcamtek.com\/de\/wp-json\/wp\/v2\/product_cat?post=10149"},{"taxonomy":"product_tag","embeddable":true,"href":"https:\/\/www.starkcamtek.com\/de\/wp-json\/wp\/v2\/product_tag?post=10149"}],"curies":[{"name":"wp","href":"https:\/\/api.w.org\/{rel}","templated":true}]}}