{"id":10033,"date":"2024-06-11T13:19:35","date_gmt":"2024-06-11T10:19:35","guid":{"rendered":"https:\/\/www.starkcamtek.com\/?page_id=10033"},"modified":"2024-06-11T13:23:30","modified_gmt":"2024-06-11T10:23:30","slug":"nasil-kullanilir","status":"publish","type":"page","link":"https:\/\/www.starkcamtek.com\/en\/nasil-kullanilir\/","title":{"rendered":"Nas\u0131l Kullan\u0131l\u0131r"},"content":{"rendered":"<div data-elementor-type=\"wp-page\" data-elementor-id=\"10033\" class=\"elementor elementor-10033\">\n\t\t\t\t\t\t<section class=\"elementor-section elementor-top-section elementor-element elementor-element-7fa6872 elementor-section-full_width elementor-section-height-default elementor-section-height-default xts-section-disabled\" data-id=\"7fa6872\" data-element_type=\"section\">\n\t\t\t\t\t\t<div class=\"elementor-container elementor-column-gap-no\">\n\t\t\t\t\t<div class=\"elementor-column elementor-col-100 elementor-top-column elementor-element elementor-element-b34b45a\" data-id=\"b34b45a\" data-element_type=\"column\">\n\t\t\t<div class=\"elementor-widget-wrap elementor-element-populated\">\n\t\t\t\t\t\t<div class=\"elementor-element elementor-element-29ab07c elementor-widget elementor-widget-video\" data-id=\"29ab07c\" data-element_type=\"widget\" data-settings=\"{&quot;video_type&quot;:&quot;hosted&quot;,&quot;controls&quot;:&quot;yes&quot;}\" data-widget_type=\"video.default\">\n\t\t\t\t<div class=\"elementor-widget-container\">\n\t\t\t\t\t\t\t<div class=\"e-hosted-video elementor-wrapper elementor-open-inline\">\n\t\t\t\t\t<video class=\"elementor-video\" src=\"https:\/\/www.starkcamtek.com\/wp-content\/uploads\/2024\/06\/starcamtek-video-3.mp4\" controls=\"\" preload=\"metadata\" controlslist=\"nodownload\"><\/video>\n\t\t\t\t<\/div>\n\t\t\t\t\t\t<\/div>\n\t\t\t\t<\/div>\n\t\t\t\t\t<\/div>\n\t\t<\/div>\n\t\t\t\t\t<\/div>\n\t\t<\/section>\n\t\t\t\t<section class=\"elementor-section elementor-top-section elementor-element elementor-element-305b99a elementor-section-full_width elementor-section-height-default elementor-section-height-default xts-section-disabled\" data-id=\"305b99a\" data-element_type=\"section\">\n\t\t\t\t\t\t<div class=\"elementor-container elementor-column-gap-no\">\n\t\t\t\t\t<div class=\"elementor-column elementor-col-100 elementor-top-column elementor-element elementor-element-4b16524\" data-id=\"4b16524\" data-element_type=\"column\">\n\t\t\t<div class=\"elementor-widget-wrap elementor-element-populated\">\n\t\t\t\t\t\t<div class=\"elementor-element elementor-element-c1c5128 elementor-widget elementor-widget-video\" data-id=\"c1c5128\" data-element_type=\"widget\" data-settings=\"{&quot;video_type&quot;:&quot;hosted&quot;,&quot;controls&quot;:&quot;yes&quot;}\" data-widget_type=\"video.default\">\n\t\t\t\t<div class=\"elementor-widget-container\">\n\t\t\t\t\t\t\t<div class=\"e-hosted-video elementor-wrapper elementor-open-inline\">\n\t\t\t\t\t<video class=\"elementor-video\" src=\"https:\/\/www.starkcamtek.com\/wp-content\/uploads\/2024\/06\/starcamtek-video-1.mp4\" controls=\"\" preload=\"metadata\" controlslist=\"nodownload\"><\/video>\n\t\t\t\t<\/div>\n\t\t\t\t\t\t<\/div>\n\t\t\t\t<\/div>\n\t\t\t\t\t<\/div>\n\t\t<\/div>\n\t\t\t\t\t<\/div>\n\t\t<\/section>\n\t\t\t\t<\/div>","protected":false},"excerpt":{"rendered":"<p>https:\/\/www.starkcamtek.com\/wp-content\/uploads\/2024\/06\/starcamtek-video-3.mp4https:\/\/www.starkcamtek.com\/wp-content\/uploads\/2024\/06\/starcamtek-video-1.mp4<\/p>","protected":false},"author":2,"featured_media":0,"parent":0,"menu_order":0,"comment_status":"closed","ping_status":"closed","template":"","meta":{"footnotes":""},"class_list":["post-10033","page","type-page","status-publish","hentry"],"_links":{"self":[{"href":"https:\/\/www.starkcamtek.com\/en\/wp-json\/wp\/v2\/pages\/10033","targetHints":{"allow":["GET"]}}],"collection":[{"href":"https:\/\/www.starkcamtek.com\/en\/wp-json\/wp\/v2\/pages"}],"about":[{"href":"https:\/\/www.starkcamtek.com\/en\/wp-json\/wp\/v2\/types\/page"}],"author":[{"embeddable":true,"href":"https:\/\/www.starkcamtek.com\/en\/wp-json\/wp\/v2\/users\/2"}],"replies":[{"embeddable":true,"href":"https:\/\/www.starkcamtek.com\/en\/wp-json\/wp\/v2\/comments?post=10033"}],"version-history":[{"count":10,"href":"https:\/\/www.starkcamtek.com\/en\/wp-json\/wp\/v2\/pages\/10033\/revisions"}],"predecessor-version":[{"id":10044,"href":"https:\/\/www.starkcamtek.com\/en\/wp-json\/wp\/v2\/pages\/10033\/revisions\/10044"}],"wp:attachment":[{"href":"https:\/\/www.starkcamtek.com\/en\/wp-json\/wp\/v2\/media?parent=10033"}],"curies":[{"name":"wp","href":"https:\/\/api.w.org\/{rel}","templated":true}]}}