{"id":5419,"date":"2022-10-06T14:03:24","date_gmt":"2022-10-06T11:03:24","guid":{"rendered":"http:\/\/192.168.88.218\/?page_id=5419"},"modified":"2024-06-11T13:35:58","modified_gmt":"2024-06-11T10:35:58","slug":"about-us","status":"publish","type":"page","link":"https:\/\/www.starkcamtek.com\/en\/about-us\/","title":{"rendered":"about us"},"content":{"rendered":"<div data-elementor-type=\"wp-page\" data-elementor-id=\"5419\" class=\"elementor elementor-5419\">\n\t\t\t\t\t\t<section class=\"elementor-section elementor-top-section elementor-element elementor-element-399ac81 elementor-section-boxed elementor-section-height-default elementor-section-height-default xts-section-disabled\" data-id=\"399ac81\" data-element_type=\"section\">\n\t\t\t\t\t\t<div class=\"elementor-container elementor-column-gap-extended\">\n\t\t\t\t\t<div class=\"elementor-column elementor-col-50 elementor-top-column elementor-element elementor-element-d955426\" data-id=\"d955426\" data-element_type=\"column\">\n\t\t\t<div class=\"elementor-widget-wrap elementor-element-populated\">\n\t\t\t\t\t\t<div class=\"elementor-element elementor-element-3f45ae3 elementor-widget elementor-widget-image\" data-id=\"3f45ae3\" data-element_type=\"widget\" data-widget_type=\"image.default\">\n\t\t\t\t<div class=\"elementor-widget-container\">\n\t\t\t\t\t\t\t\t\t\t\t\t\t\t\t<img decoding=\"async\" width=\"349\" height=\"123\" src=\"https:\/\/www.starkcamtek.com\/wp-content\/uploads\/2022\/10\/stark-camtek.png\" class=\"attachment-large size-large wp-image-9581\" alt=\"Star Camtek\" srcset=\"https:\/\/www.starkcamtek.com\/wp-content\/uploads\/2022\/10\/stark-camtek.png 349w, https:\/\/www.starkcamtek.com\/wp-content\/uploads\/2022\/10\/stark-camtek-300x106.png 300w, https:\/\/www.starkcamtek.com\/wp-content\/uploads\/2022\/10\/stark-camtek-200x70.png 200w\" sizes=\"(max-width: 349px) 100vw, 349px\" \/>\t\t\t\t\t\t\t\t\t\t\t\t\t\t\t<\/div>\n\t\t\t\t<\/div>\n\t\t\t\t<div class=\"elementor-element elementor-element-9d96241 xts-width-100 elementor-widget elementor-widget-xts_title\" data-id=\"9d96241\" data-element_type=\"widget\" data-widget_type=\"xts_title.default\">\n\t\t\t\t<div class=\"elementor-widget-container\">\n\t\t\t\t\t\t\t\t<div class=\"xts-section-heading xts-reset-mb-10 xts-reset-last xts-textalign-left\" data-animation-delay=\"\">\n\t\t\t\t\n\t\t\t\t\n\t\t\t\t\n\t\t\t\t\t\t\t\t\t<div class=\"xts-section-desc\">\n\t\t\t\t\t\t<div class=\"xts-section-desc-text xts-reset-all-last\" data-elementor-setting-key=\"description\">\n\t\t\t\t\t\t\t<h4>PART\u0130K\u00dcL VE KATAL\u0130ZAT\u00d6R\u00a0 TEM\u0130ZLEME MAK\u0130NASI<\/h4><p>1991 y\u0131l\u0131ndan bu yana \u00fcretimde lider olan PART\u0130K\u00dcL VE KATAL\u0130ZAT\u00d6R\u00a0 TEM\u0130ZLEME MAK\u0130NASI siz de\u011ferli ustalar\u0131m\u0131z\u0131n ihtiya\u00e7lar\u0131n\u0131 en iyi \u015fekilde kar\u015f\u0131lamaktay\u0131z. Yenilik\u00e7i ve s\u00fcrekli geli\u015fen firmam\u0131z\u0131n en b\u00fcy\u00fck hedefi en iyi kaliteyi en uygun fiyatlarla siz de\u011ferli ustalar\u0131m\u0131za sunmak ve y\u0131llar\u0131n kazand\u0131rd\u0131\u011f\u0131 tecr\u00fcbe ile sizlerin i\u015fini kolayla\u015ft\u0131rarak memnuniyetinizi kazanmakt\u0131r.<\/p><p>PART\u0130K\u00dcL VE KATAL\u0130ZAT\u00d6R\u00a0 TEM\u0130ZLEME MAK\u0130NASI olarak \u00fcretimini yapm\u0131\u015f oldu\u011fumuz makinelerin teknik destek hizmetini de, b\u00fcnyemizde bulunan teknik servis ve canl\u0131 teknik servis ekibimizle sunmakta olup sekt\u00f6rde \u00f6nc\u00fc firma olman\u0131n gururunu sizlerle payla\u015f\u0131yoruz. Bizi bu vizyona ta\u015f\u0131yan de\u011ferlerimiz ve siz de\u011ferli m\u00fc\u015fterilerimiz firmam\u0131z\u0131n bug\u00fcnlere lider firma olarak ula\u015fmas\u0131n\u0131n en b\u00fcy\u00fck fakt\u00f6r\u00fcd\u00fcr.<\/p><p>B\u00fcnyemizde bulunan makine m\u00fchendislerimizin deste\u011fi ile tasarlay\u0131p \u00fcretmi\u015f oldu\u011fumuz, partik\u00fcl ve katalizat\u00f6r ara\u00e7 \u00fczerinde s\u00f6kmeden darbeli temizli\u011fi 35 dakikada yapar, ister ara\u00e7 \u00fczerinde s\u00f6kmeden partik\u00fcl\u00fcn\u00fcz\u00fc temizletirsiniz; ister makine i\u00e7erisinde partik\u00fcl\u00fcn\u00fcz\u00fc s\u00f6k\u00fcp temizletebilirsiniz...<\/p>\t\t\t\t\t\t<\/div>\n\t\t\t\t\t<\/div>\n\t\t\t\t\t\t\t<\/div>\n\t\t\t\t\t\t<\/div>\n\t\t\t\t<\/div>\n\t\t\t\t\t<\/div>\n\t\t<\/div>\n\t\t\t\t<div class=\"elementor-column elementor-col-50 elementor-top-column elementor-element elementor-element-4a015f5\" data-id=\"4a015f5\" data-element_type=\"column\">\n\t\t\t<div class=\"elementor-widget-wrap elementor-element-populated\">\n\t\t\t\t\t\t<div class=\"elementor-element elementor-element-bf6cc8f elementor-widget elementor-widget-image\" data-id=\"bf6cc8f\" data-element_type=\"widget\" data-widget_type=\"image.default\">\n\t\t\t\t<div class=\"elementor-widget-container\">\n\t\t\t\t\t\t\t\t\t\t\t\t\t\t\t<img fetchpriority=\"high\" decoding=\"async\" width=\"768\" height=\"1024\" src=\"https:\/\/www.starkcamtek.com\/wp-content\/uploads\/2024\/06\/starcamtek-banner-2-768x1024.jpg\" class=\"attachment-large size-large wp-image-10059\" alt=\"\" srcset=\"https:\/\/www.starkcamtek.com\/wp-content\/uploads\/2024\/06\/starcamtek-banner-2-768x1024.jpg 768w, https:\/\/www.starkcamtek.com\/wp-content\/uploads\/2024\/06\/starcamtek-banner-2-225x300.jpg 225w, https:\/\/www.starkcamtek.com\/wp-content\/uploads\/2024\/06\/starcamtek-banner-2-1152x1536.jpg 1152w, https:\/\/www.starkcamtek.com\/wp-content\/uploads\/2024\/06\/starcamtek-banner-2-9x12.jpg 9w, https:\/\/www.starkcamtek.com\/wp-content\/uploads\/2024\/06\/starcamtek-banner-2-800x1066.jpg 800w, https:\/\/www.starkcamtek.com\/wp-content\/uploads\/2024\/06\/starcamtek-banner-2-900x1200.jpg 900w, https:\/\/www.starkcamtek.com\/wp-content\/uploads\/2024\/06\/starcamtek-banner-2-200x267.jpg 200w, https:\/\/www.starkcamtek.com\/wp-content\/uploads\/2024\/06\/starcamtek-banner-2.jpg 1327w\" sizes=\"(max-width: 768px) 100vw, 768px\" \/>\t\t\t\t\t\t\t\t\t\t\t\t\t\t\t<\/div>\n\t\t\t\t<\/div>\n\t\t\t\t\t<\/div>\n\t\t<\/div>\n\t\t\t\t\t<\/div>\n\t\t<\/section>\n\t\t\t\t<\/div>","protected":false},"excerpt":{"rendered":"<p>PART\u0130K\u00dcL VE KATAL\u0130ZAT\u00d6R\u00a0 TEM\u0130ZLEME MAK\u0130NASI 1991 y\u0131l\u0131ndan bu yana \u00fcretimde lider olan PART\u0130K\u00dcL VE KATAL\u0130ZAT\u00d6R\u00a0 TEM\u0130ZLEME MAK\u0130NASI siz de\u011ferli ustalar\u0131m\u0131z\u0131n ihtiya\u00e7lar\u0131n\u0131 en iyi \u015fekilde kar\u015f\u0131lamaktay\u0131z. Yenilik\u00e7i ve s\u00fcrekli geli\u015fen firmam\u0131z\u0131n en b\u00fcy\u00fck hedefi en iyi kaliteyi en uygun fiyatlarla siz de\u011ferli ustalar\u0131m\u0131za sunmak ve y\u0131llar\u0131n kazand\u0131rd\u0131\u011f\u0131 tecr\u00fcbe ile sizlerin i\u015fini kolayla\u015ft\u0131rarak memnuniyetinizi kazanmakt\u0131r. PART\u0130K\u00dcL VE [&hellip;]<\/p>","protected":false},"author":1,"featured_media":0,"parent":0,"menu_order":0,"comment_status":"closed","ping_status":"closed","template":"elementor_header_footer","meta":{"footnotes":""},"class_list":["post-5419","page","type-page","status-publish","hentry"],"_links":{"self":[{"href":"https:\/\/www.starkcamtek.com\/en\/wp-json\/wp\/v2\/pages\/5419","targetHints":{"allow":["GET"]}}],"collection":[{"href":"https:\/\/www.starkcamtek.com\/en\/wp-json\/wp\/v2\/pages"}],"about":[{"href":"https:\/\/www.starkcamtek.com\/en\/wp-json\/wp\/v2\/types\/page"}],"author":[{"embeddable":true,"href":"https:\/\/www.starkcamtek.com\/en\/wp-json\/wp\/v2\/users\/1"}],"replies":[{"embeddable":true,"href":"https:\/\/www.starkcamtek.com\/en\/wp-json\/wp\/v2\/comments?post=5419"}],"version-history":[{"count":25,"href":"https:\/\/www.starkcamtek.com\/en\/wp-json\/wp\/v2\/pages\/5419\/revisions"}],"predecessor-version":[{"id":10062,"href":"https:\/\/www.starkcamtek.com\/en\/wp-json\/wp\/v2\/pages\/5419\/revisions\/10062"}],"wp:attachment":[{"href":"https:\/\/www.starkcamtek.com\/en\/wp-json\/wp\/v2\/media?parent=5419"}],"curies":[{"name":"wp","href":"https:\/\/api.w.org\/{rel}","templated":true}]}}