{"id":10130,"date":"2025-10-16T16:03:45","date_gmt":"2025-10-16T13:03:45","guid":{"rendered":"https:\/\/www.starkcamtek.com\/?post_type=product&#038;p=10130"},"modified":"2025-10-16T16:05:03","modified_gmt":"2025-10-16T13:05:03","slug":"gold-air-cift-yonlu-havali-darbeli-komperesorlu-petek-temizleme-makinasi-full-set","status":"publish","type":"product","link":"https:\/\/www.starkcamtek.com\/en\/urunlerimiz\/petek-temizleme-makinasi\/gold-air-cift-yonlu-havali-darbeli-komperesorlu-petek-temizleme-makinasi-full-set\/","title":{"rendered":"Gold-air \u00c7ift Y\u00f6nl\u00fc Haval\u0131 Darbeli Komperes\u00f6rl\u00fc Petek Temizleme Makinas\u0131 ( FULL SET )"},"content":{"rendered":"<div class=\"product-detail\">\n<ol>\n<li><div style=\"width: 848px;\" class=\"wp-video\"><video class=\"wp-video-shortcode\" id=\"video-10130-1\" width=\"848\" height=\"480\" preload=\"metadata\" controls=\"controls\"><source type=\"video\/mp4\" src=\"https:\/\/www.kamtekmakina.com\/wp-content\/uploads\/2020\/09\/havali-25.mp4?_=1\" \/><a href=\"https:\/\/www.kamtekmakina.com\/wp-content\/uploads\/2020\/09\/havali-25.mp4\">https:\/\/www.kamtekmakina.com\/wp-content\/uploads\/2020\/09\/havali-25.mp4<\/a><\/video><\/div>\n<p>Kamtek Petek Temizleme Makinas\u0131 Gold-Air \u00c7ift Y\u00f6nl\u00fc Kompres\u00f6rl\u00fc Full\u00a0 Set<\/li>\n<\/ol>\n<h4>2 Years Full Warranty with Engine Burns.<\/h4>\n<p><strong>Compressor Honeycomb Cleaning Machine<\/strong>It is an ideal machine for cleaning the mud, lime and rust deposits in the honeycomb combi boiler and heating system in a very short time, using pressurized clean water, without disassembling the core\/radiator\/boiler.<\/p>\n<p>Gold-Air Honeycomb Cleaning Machine is a machine that cleans mud, lime and rust residues in the heating and plumbing system very quickly using pressurized clean water. After just one cleaning cycle, it maximizes the boiler&#039;s optimum energy efficiency ratio and overall heating system performance; It eliminates boiler noise and minimizes fuel consumption, ensuring energy efficiency. <strong>%100 Yerli \u00dcretim<\/strong> Spare parts are easy to obtain. It is a professional machine with its ergonomic structure and stylish appearance.<\/p>\n<p><strong>Benefits of Using Machines.<\/strong><\/p>\n<ul>\n<li>It cleans lime, mud, corrosion and rust deposits in the heating and installation system.<\/li>\n<li>Eliminates calcification in the combi.<\/li>\n<li>It eliminates the noise operation and circulation problems of the boiler.<\/li>\n<li>It cleans and protects the entire heating and plumbing system at once.<\/li>\n<li>With its two-way washing technology, it completely cleans the system from dirt, rust and residues.<\/li>\n<\/ul>\n<p><strong>Box contents<\/strong><br \/>\n1 Piece Kamtek Honeycomb Cleaning Machine with Gold-Air-Double Compressor<br \/>\n2 x 2.35 meters Flow\/Return hose (high temperature resistant)<br \/>\n1 x 3.50 meter Waste Water Hose<br \/>\n1 Piece Clean Water Connection Hose<br \/>\n1 Silencer (air dust collector)<br \/>\n1 Articulated Waste Water Bin<br \/>\n1 Piece Hose Bag<br \/>\n1 User Manual<br \/>\n2 Year Warranty<\/p>\n<ul>\n<li><strong>Certificates<\/strong><br \/>\nCE document<br \/>\nISO 9001:2008 Certificate<br \/>\nUtility Model Certificate<br \/>\nDesign Registration Certificate<br \/>\nTrademark registration certificate<\/li>\n<\/ul>\n<p><strong>How to Clean Honeycomb?<\/strong><\/p>\n<p>Bathrooms are the best place to clean heater cores.<\/p>\n<ol>\n<li>Remove the towel warmer or radiator in the bathroom, connect the GOLD -AIR machine here.<\/li>\n<li>Connect the other end of the hose that you have connected to the \u201cRADIATOR PRESSURE LINE\u201d of GOLD-AIR to the hot water flow direction valve of the radiator you removed.<\/li>\n<li>Connect one end of the second hose to the radiator flow valve and put the other end in the toilet for draining.<\/li>\n<li>Connect the end of the hose you have connected to the \u201cCLEAN WATER INLET\u201d of GOLD-AIR to the nearest faucet in the bathroom in order to supply water to the installation.<\/li>\n<li>Turn on the &quot;energy&quot; switch of the machine.<\/li>\n<li>Turn on the water and activate the &quot;wash mode&quot; button and start cleaning.<\/li>\n<li>Close all the honeycomb valves and start cleaning all the honeycombs one by one, leaving only 1 core open.<\/li>\n<li>Honeycombs one by one, min. Water circulation is provided in each honeycomb for 10 minutes.<\/li>\n<li>After the cleaning process is completed, water is pumped into the system with the help of the combi water completion valve and the process is completed.<\/li>\n<li>Cleaning the honeycombs takes about 40 minutes to 1 hour, depending on the pollution of the installation.<\/li>\n<\/ol>\n<p>NOTE: THE PRODUCTS IN THE VISUAL MAY DIFFER IN COLOR AND DESIGN, WHILE THE TECHNICAL FEATURES DO NOT CHANGE.<\/p>\n<p>For more information about honeycomb cleaning;\u00a0<a title=\"Kammak Blog\" href=\"http:\/\/www.kamtekmakina.com\/\">Click<\/a><\/p>\n<\/div>\n<div class=\"product-specs-table\">\n<table class=\"table\" style=\"width: 100%;height: 264px\">\n<tbody>\n<tr style=\"height: 24px\">\n<td style=\"height: 24px\">MEDICINE<\/td>\n<td style=\"height: 24px\">:<\/td>\n<td style=\"height: 24px\">Compressor Cleaning Machine<\/td>\n<\/tr>\n<tr style=\"height: 24px\">\n<td style=\"height: 24px\">DOUBLE DIRECTION<\/td>\n<td style=\"height: 24px\">:<\/td>\n<td style=\"height: 24px\">There is<\/td>\n<\/tr>\n<tr style=\"height: 24px\">\n<td style=\"height: 24px\">HEATER<\/td>\n<td style=\"height: 24px\">:<\/td>\n<td style=\"height: 24px\">without heater<\/td>\n<\/tr>\n<tr style=\"height: 48px\">\n<td style=\"height: 48px\">USE OF CHEMICALS<\/td>\n<td style=\"height: 48px\">:<\/td>\n<td style=\"height: 48px\">None (For Use of Chemical Apparatus)!<\/td>\n<\/tr>\n<tr style=\"height: 48px\">\n<td style=\"height: 48px\">MAXIMUM PRESSURE<\/td>\n<td style=\"height: 48px\">:<\/td>\n<td style=\"height: 48px\">8 bars<\/td>\n<\/tr>\n<tr style=\"height: 24px\">\n<td style=\"height: 24px\">MOTOR POWER<\/td>\n<td style=\"height: 24px\">:<\/td>\n<td style=\"height: 24px\">750 W \/ 1 HP<\/td>\n<\/tr>\n<tr style=\"height: 24px\">\n<td style=\"height: 24px\">FLOW<\/td>\n<td style=\"height: 24px\">:<\/td>\n<td style=\"height: 24px\">110 lt\/min<\/td>\n<\/tr>\n<tr style=\"height: 24px\">\n<td style=\"height: 24px\">WEIGHT<\/td>\n<td style=\"height: 24px\">:<\/td>\n<td style=\"height: 24px\">22 kg.<\/td>\n<\/tr>\n<tr style=\"height: 24px\">\n<td style=\"height: 24px\">DIMENSION<\/td>\n<td style=\"height: 24px\">:<\/td>\n<td style=\"height: 24px\">50x40x70 cm.<\/td>\n<\/tr>\n<\/tbody>\n<\/table>\n<\/div>","protected":false},"excerpt":{"rendered":"<p>Kamtek Petek Temizleme Makinas\u0131 Gold-Air \u00c7ift Y\u00f6nl\u00fc Kompres\u00f6rl\u00fc Full\u00a0 Set Motor Yanmalar\u0131 ile Birlikte 2 Y\u0131l Full Garanti. Kompres\u00f6rl\u00fc Petek Temizleme Makinas\u0131, bas\u0131n\u00e7l\u0131 temiz su kullanarak, petek\/radyat\u00f6r\/kombinizi yerinden s\u00f6kmeden, petek kombi ve \u0131s\u0131tma sisteminin i\u00e7erisinde olu\u015fan \u00e7amur, kire\u00e7 ve pas birikintilerini \u00e7ok k\u0131sa bir s\u00fcrede temizlemek i\u00e7in ideal bir makinedir. Gold-Air\u00a0 Petek Temizleme Makinesi, \u0131s\u0131tma [&hellip;]<\/p>","protected":false},"featured_media":10150,"comment_status":"open","ping_status":"closed","template":"","meta":[],"product_brand":[],"product_cat":[203],"product_tag":[],"class_list":{"0":"post-10130","1":"product","2":"type-product","3":"status-publish","4":"has-post-thumbnail","6":"product_cat-petek-temizleme-makinasi","8":"first","9":"instock","10":"sale","11":"taxable","12":"shipping-taxable","13":"purchasable","14":"product-type-simple"},"_links":{"self":[{"href":"https:\/\/www.starkcamtek.com\/en\/wp-json\/wp\/v2\/product\/10130","targetHints":{"allow":["GET"]}}],"collection":[{"href":"https:\/\/www.starkcamtek.com\/en\/wp-json\/wp\/v2\/product"}],"about":[{"href":"https:\/\/www.starkcamtek.com\/en\/wp-json\/wp\/v2\/types\/product"}],"replies":[{"embeddable":true,"href":"https:\/\/www.starkcamtek.com\/en\/wp-json\/wp\/v2\/comments?post=10130"}],"version-history":[{"count":1,"href":"https:\/\/www.starkcamtek.com\/en\/wp-json\/wp\/v2\/product\/10130\/revisions"}],"predecessor-version":[{"id":10151,"href":"https:\/\/www.starkcamtek.com\/en\/wp-json\/wp\/v2\/product\/10130\/revisions\/10151"}],"wp:featuredmedia":[{"embeddable":true,"href":"https:\/\/www.starkcamtek.com\/en\/wp-json\/wp\/v2\/media\/10150"}],"wp:attachment":[{"href":"https:\/\/www.starkcamtek.com\/en\/wp-json\/wp\/v2\/media?parent=10130"}],"wp:term":[{"taxonomy":"product_brand","embeddable":true,"href":"https:\/\/www.starkcamtek.com\/en\/wp-json\/wp\/v2\/product_brand?post=10130"},{"taxonomy":"product_cat","embeddable":true,"href":"https:\/\/www.starkcamtek.com\/en\/wp-json\/wp\/v2\/product_cat?post=10130"},{"taxonomy":"product_tag","embeddable":true,"href":"https:\/\/www.starkcamtek.com\/en\/wp-json\/wp\/v2\/product_tag?post=10130"}],"curies":[{"name":"wp","href":"https:\/\/api.w.org\/{rel}","templated":true}]}}