{"id":10131,"date":"2025-10-16T16:03:45","date_gmt":"2025-10-16T13:03:45","guid":{"rendered":"https:\/\/www.starkcamtek.com\/?post_type=product&#038;p=10131"},"modified":"2025-12-04T01:12:09","modified_gmt":"2025-12-03T22:12:09","slug":"4-yollu-vana","status":"publish","type":"product","link":"https:\/\/www.starkcamtek.com\/en\/urunlerimiz\/genel\/4-yollu-vana\/","title":{"rendered":"4 YOLLU VANA"},"content":{"rendered":"<p>\u00d6zellikler<\/p>\n<p>\u2022 S\u0131n\u0131f\u0131nda en d\u00fc\u015f\u00fck ka\u00e7ak seviyesi<\/p>\n<p>\u2022 E\u015fsiz konum g\u00f6stergesi (akt\u00fcat\u00f6r monte edildi\u011finde de g\u00f6r\u00fcn\u00fcr)<\/p>\n<p>\u2022 Ergonomik kol<\/p>\n<p>\u2022 Kolay kurulum<\/p>\n<p>\u2022 Kar\u0131\u015ft\u0131rma ve y\u00f6nlendirme uygulamalar\u0131 i\u00e7in<\/p>\n<p>\u2022 \u0130\u00e7 di\u015fli ba\u011flant\u0131<\/p>","protected":false},"excerpt":{"rendered":"<p>\u00d6zellikler \u2022 S\u0131n\u0131f\u0131nda en d\u00fc\u015f\u00fck ka\u00e7ak seviyesi \u2022 E\u015fsiz konum g\u00f6stergesi (akt\u00fcat\u00f6r monte edildi\u011finde de g\u00f6r\u00fcn\u00fcr) \u2022 Ergonomik kol \u2022 Kolay kurulum \u2022 Kar\u0131\u015ft\u0131rma ve y\u00f6nlendirme uygulamalar\u0131 i\u00e7in \u2022 \u0130\u00e7 di\u015fli ba\u011flant\u0131<\/p>","protected":false},"featured_media":10158,"comment_status":"open","ping_status":"closed","template":"","meta":[],"product_brand":[],"product_cat":[15,204],"product_tag":[],"class_list":{"0":"post-10131","1":"product","2":"type-product","3":"status-publish","4":"has-post-thumbnail","6":"product_cat-genel","7":"product_cat-yedek-parca","9":"first","10":"instock","11":"sale","12":"taxable","13":"shipping-taxable","14":"purchasable","15":"product-type-simple"},"_links":{"self":[{"href":"https:\/\/www.starkcamtek.com\/en\/wp-json\/wp\/v2\/product\/10131","targetHints":{"allow":["GET"]}}],"collection":[{"href":"https:\/\/www.starkcamtek.com\/en\/wp-json\/wp\/v2\/product"}],"about":[{"href":"https:\/\/www.starkcamtek.com\/en\/wp-json\/wp\/v2\/types\/product"}],"replies":[{"embeddable":true,"href":"https:\/\/www.starkcamtek.com\/en\/wp-json\/wp\/v2\/comments?post=10131"}],"version-history":[{"count":1,"href":"https:\/\/www.starkcamtek.com\/en\/wp-json\/wp\/v2\/product\/10131\/revisions"}],"predecessor-version":[{"id":10159,"href":"https:\/\/www.starkcamtek.com\/en\/wp-json\/wp\/v2\/product\/10131\/revisions\/10159"}],"wp:featuredmedia":[{"embeddable":true,"href":"https:\/\/www.starkcamtek.com\/en\/wp-json\/wp\/v2\/media\/10158"}],"wp:attachment":[{"href":"https:\/\/www.starkcamtek.com\/en\/wp-json\/wp\/v2\/media?parent=10131"}],"wp:term":[{"taxonomy":"product_brand","embeddable":true,"href":"https:\/\/www.starkcamtek.com\/en\/wp-json\/wp\/v2\/product_brand?post=10131"},{"taxonomy":"product_cat","embeddable":true,"href":"https:\/\/www.starkcamtek.com\/en\/wp-json\/wp\/v2\/product_cat?post=10131"},{"taxonomy":"product_tag","embeddable":true,"href":"https:\/\/www.starkcamtek.com\/en\/wp-json\/wp\/v2\/product_tag?post=10131"}],"curies":[{"name":"wp","href":"https:\/\/api.w.org\/{rel}","templated":true}]}}