{"id":10132,"date":"2025-10-16T16:03:45","date_gmt":"2025-10-16T13:03:45","guid":{"rendered":"https:\/\/www.starkcamtek.com\/?post_type=product&#038;p=10132"},"modified":"2025-10-28T11:50:15","modified_gmt":"2025-10-28T08:50:15","slug":"gold-air-pro-turbo-fan-teknik-1","status":"publish","type":"product","link":"https:\/\/www.starkcamtek.com\/en\/urunlerimiz\/petek-temizleme-makinasi\/gold-air-pro-turbo-fan-teknik-1\/","title":{"rendered":"GOLD-A\u0130R PRO TURBO FAN TEKN\u0130K- 1"},"content":{"rendered":"<div class=\"product-detail\">\n<p><strong>GOLD -A\u0130R PRO TEKN\u0130K &#8211; 1<\/strong><\/p>\n<p><strong>\u00f6zellikler<\/strong><br \/>\nT\u00fcrkiye&#8217;nin ilk \u00e7anta tipi petek temizleme makinas\u0131 \u00e7antal\u0131 olup rahatl\u0131kla ta\u015f\u0131na bilen ,ve a\u00e7\u0131l\u0131p kapanabilen \u00e7ek\u00e7ek kulp ve teker sayesinde daha rahat \u015fekilde makineyi istedi\u011finiz yere \u00e7ekerek\u00a0 ta\u015f\u0131yabilirsiniz.<br \/>\n\u00c7antal\u0131 petek temizleme makinenin \u00e7anta gibi kapa\u011f\u0131n\u0131 a\u00e7arak makinenin kontrol panosu makinenin kapak k\u0131sm\u0131nda oldu\u011funu g\u00f6rebilirsiniz. \u00c7antan\u0131n g\u00f6vdesinde ise bas\u0131n\u00e7 ayar\u0131 bulunmaktad\u0131r. bas\u0131n\u00e7 g\u00f6stergesi hava tank\u0131n\u0131n doluluk oran\u0131n\u0131 g\u00f6steren bas\u0131n\u00e7 g\u00f6stergesinin sayesinde hava tank\u0131n\u0131n doluluk oran\u0131n\u0131 g\u00f6rebilirsiniz.<br \/>\n\u00c7antal\u0131 petek temizleme makinesinin y\u0131kama esnas\u0131nda makinenizin su ile temas\u0131n\u0131 yerden kesmek i\u00e7i makinenin g\u00f6vdesine katlanabilen 30 cm y\u00fcksekli\u011finde 4 adet ayak bulunmaktad\u0131r. y\u0131kama esnas\u0131nda makinenizin \u0131s\u0131s\u0131n\u0131 kontrol alt\u0131na alabilmek i\u00e7in turbo fan so\u011futucu bulunmaktad\u0131r .<br \/>\nGOLD-A\u0130R PRO TEKN\u0130K &#8211; 1 Makinesinin g\u00f6vde \u00fczerinde 1 adet hava jak\u0131 bulunmaktad\u0131r. hava jak\u0131 sayesinde istedi\u011finiz herhangi bir hava ihtiyac\u0131nda kullan\u0131lmaktad\u0131r .<\/p>\n<h4>2 Years Full Warranty with Engine Burns.<\/h4>\n<p><strong>Compressor Honeycomb Cleaning Machine<\/strong>, bas\u0131n\u00e7l\u0131 temiz su kullanarak, petek\/radyat\u00f6r\/kombinizi yerinden s\u00f6kmeden, petek kombi ve \u0131s\u0131tma sisteminin i\u00e7erisinde olu\u015fan \u00e7amur, kire\u00e7 ve pas birikintilerini \u00e7ok k\u0131sa bir s\u00fcrede temizlemek i\u00e7in harika bir makinedir.<\/p>\n<p>Gold-Air Pro Teknik-1 Petek Temizleme Makinesi, \u0131s\u0131tma ve tesisat sistemindeki, \u00e7amur, kire\u00e7, pas art\u0131klar\u0131n\u0131 bas\u0131n\u00e7l\u0131 temiz su kullanarak \u00e7ok h\u0131zl\u0131 \u015fekilde temizleyen bir makinedir. Sadece bir temizleme i\u015flemi sonras\u0131nda, kombinin optimum enerji verimlilik oran\u0131n\u0131 ve genel \u0131s\u0131tma sistem performans\u0131n\u0131 en y\u00fcksek seviyeye \u00e7\u0131kar\u0131r; kombi g\u00fcr\u00fclt\u00fcs\u00fcn\u00fc ortadan kald\u0131r\u0131r ve yak\u0131t t\u00fcketimini en aza indirerek enerji verimlili\u011fi sa\u011flar. <strong>%100 Yerli \u00dcretim<\/strong> oldu\u011fu i\u00e7in yedek par\u00e7a temini kolayd\u0131r. Ergonomik yap\u0131s\u0131 ve \u015f\u0131k g\u00f6r\u00fcn\u00fcm\u00fcyle profesyonel bir makinedir.<\/p>\n<p><strong>Benefits of Using Machines.<\/strong><\/p>\n<ul>\n<li>It cleans lime, mud, corrosion and rust deposits in the heating and installation system.<\/li>\n<li>Eliminates calcification in the combi.<\/li>\n<li>It eliminates the noise operation and circulation problems of the boiler.<\/li>\n<li>It cleans and protects the entire heating and plumbing system at once.<\/li>\n<li>With its two-way washing technology, it completely cleans the system from dirt, rust and residues.<\/li>\n<\/ul>\n<p><strong>Box contents<\/strong><br \/>\n1 Adet Kamtek Petek Temizleme Makinas\u0131 Gold-Air PRO Teknik-1-\u00c7ift Y\u00f6nl\u00fc Kompres\u00f6rl\u00fc<br \/>\n2 x 2.35 meters Flow\/Return hose (high temperature resistant)<br \/>\n1 x 3.50 meter Waste Water Hose<br \/>\n1 Piece Clean Water Connection Hose<br \/>\n1 Articulated Waste Water Bin<br \/>\n1 Piece Hose Bag<br \/>\n1 User Manual<br \/>\n2 Year Warranty<br \/>\n1 Adet ila\u00e7 kullan\u0131m aparat\u0131<\/p>\n<ul>\n<li><strong>Certificates<\/strong><br \/>\nCE document<br \/>\nISO 9001:2008 Certificate<br \/>\nUtility Model Certificate<br \/>\nDesign Registration Certificate<br \/>\nTrademark registration certificate<\/li>\n<\/ul>\n<p><strong>How to Clean Honeycomb?<\/strong><\/p>\n<p>Bathrooms are the best place to clean heater cores.<\/p>\n<ol>\n<li>Banyodaki havlupan veya radyat\u00f6r\u00fc s\u00f6k\u00fcn, GOLD -A\u0130R PRO TEKN\u0130K 1 makinay\u0131 buraya ba\u011flay\u0131n.<\/li>\n<li>GOLD-A\u0130R Pro Teknik \u2018in \u201cRADYAT\u00d6R BASMA HATTI\u201dna ba\u011flad\u0131\u011f\u0131n\u0131z hortumun di\u011fer ucunu da s\u00f6kt\u00fc\u011f\u00fcn\u00fcz radyat\u00f6r\u00fcn s\u0131cak su geli\u015f y\u00f6n\u00fc vanas\u0131na tak\u0131n.<\/li>\n<li>Connect one end of the second hose to the radiator flow valve and put the other end in the toilet for draining.<\/li>\n<li>GOLD-A\u0130R TEKN\u0130K 1 \u2018in \u201cTEM\u0130Z SU G\u0130R\u0130\u015e\u0130\u201dne ba\u011flad\u0131\u011f\u0131n\u0131z hortumun ucunu, Tesisata su verebilmek i\u00e7in banyodaki en yak\u0131n muslu\u011fa ba\u011flay\u0131n.<\/li>\n<li>Turn on the &quot;energy&quot; switch of the machine.<\/li>\n<li>Turn on the water and activate the &quot;wash mode&quot; button and start cleaning.<\/li>\n<li>Close all the honeycomb valves and start cleaning all the honeycombs one by one, leaving only 1 core open.<\/li>\n<li>Honeycombs one by one, min. Water circulation is provided in each honeycomb for 10 minutes.<\/li>\n<li>After the cleaning process is completed, water is pumped into the system with the help of the combi water completion valve and the process is completed.<\/li>\n<li>Cleaning the honeycombs takes about 40 minutes to 1 hour, depending on the pollution of the installation.<\/li>\n<\/ol>\n<p><strong>NOTE: THE PRODUCTS IN THE VISUAL MAY DIFFER IN COLOR AND DESIGN, WHILE THE TECHNICAL FEATURES DO NOT CHANGE.<\/strong><\/p>\n<p>For more information about honeycomb cleaning;\u00a0<a title=\"Kammak Blog\" href=\"http:\/\/www.kamtekmakina.com\/\">Click<\/a><\/p>\n<\/div>\n<div class=\"product-specs-table\">\n<table class=\"table\" style=\"width: 95.4051%;height: 276px\">\n<tbody>\n<tr style=\"height: 24px\">\n<td style=\"height: 24px;width: 33.3736%\">MEDICINE<\/td>\n<td style=\"height: 24px;width: 1.57195%\">:<\/td>\n<td style=\"height: 24px;width: 59.5757%\">Compressor Cleaning Machine<\/td>\n<\/tr>\n<tr style=\"height: 24px\">\n<td style=\"height: 24px;width: 33.3736%\">DOUBLE DIRECTION<\/td>\n<td style=\"height: 24px;width: 1.57195%\">:<\/td>\n<td style=\"height: 24px;width: 59.5757%\">There is<\/td>\n<\/tr>\n<tr style=\"height: 24px\">\n<td style=\"height: 24px;width: 33.3736%\">HEATER<\/td>\n<td style=\"height: 24px;width: 1.57195%\">:<\/td>\n<td style=\"height: 24px;width: 59.5757%\">without heater<\/td>\n<\/tr>\n<tr style=\"height: 48px\">\n<td style=\"height: 48px;width: 33.3736%\">USE OF CHEMICALS<\/td>\n<td style=\"height: 48px;width: 1.57195%\">:<\/td>\n<td style=\"height: 48px;width: 59.5757%\">aparat ile mevcut<\/td>\n<\/tr>\n<tr style=\"height: 48px\">\n<td style=\"height: 48px;width: 33.3736%\">MAXIMUM PRESSURE<\/td>\n<td style=\"height: 48px;width: 1.57195%\">:<\/td>\n<td style=\"height: 48px;width: 59.5757%\">8 bars<\/td>\n<\/tr>\n<tr style=\"height: 24px\">\n<td style=\"height: 24px;width: 33.3736%\">MOTOR POWER<\/td>\n<td style=\"height: 24px;width: 1.57195%\">:<\/td>\n<td style=\"height: 24px;width: 59.5757%\">750 W \/ 1 HP<\/td>\n<\/tr>\n<tr style=\"height: 24px\">\n<td style=\"height: 24px;width: 33.3736%\">FLOW<\/td>\n<td style=\"height: 24px;width: 1.57195%\">:<\/td>\n<td style=\"height: 24px;width: 59.5757%\">110 lt\/min<\/td>\n<\/tr>\n<tr style=\"height: 24px\">\n<td style=\"height: 24px;width: 33.3736%\">WEIGHT<\/td>\n<td style=\"height: 24px;width: 1.57195%\">:<\/td>\n<td style=\"height: 24px;width: 59.5757%\">20 kg.<\/td>\n<\/tr>\n<tr style=\"height: 24px\">\n<td style=\"height: 36px;width: 33.3736%\">DIMENSION<\/td>\n<td style=\"height: 36px;width: 1.57195%\">:<\/td>\n<td style=\"height: 36px;width: 59.5757%\">44&#215;44.5&#215;26 cm.<\/td>\n<\/tr>\n<\/tbody>\n<\/table>\n<\/div>","protected":false},"excerpt":{"rendered":"<p>GOLD -A\u0130R PRO TEKN\u0130K &#8211; 1 \u00f6zellikler T\u00fcrkiye&#8217;nin ilk \u00e7anta tipi petek temizleme makinas\u0131 \u00e7antal\u0131 olup rahatl\u0131kla ta\u015f\u0131na bilen ,ve a\u00e7\u0131l\u0131p kapanabilen \u00e7ek\u00e7ek kulp ve teker sayesinde daha rahat \u015fekilde makineyi istedi\u011finiz yere \u00e7ekerek\u00a0 ta\u015f\u0131yabilirsiniz. \u00c7antal\u0131 petek temizleme makinenin \u00e7anta gibi kapa\u011f\u0131n\u0131 a\u00e7arak makinenin kontrol panosu makinenin kapak k\u0131sm\u0131nda oldu\u011funu g\u00f6rebilirsiniz. \u00c7antan\u0131n g\u00f6vdesinde ise bas\u0131n\u00e7 [&hellip;]<\/p>","protected":false},"featured_media":10160,"comment_status":"open","ping_status":"closed","template":"","meta":[],"product_brand":[],"product_cat":[203],"product_tag":[],"class_list":{"0":"post-10132","1":"product","2":"type-product","3":"status-publish","4":"has-post-thumbnail","6":"product_cat-petek-temizleme-makinasi","8":"first","9":"instock","10":"sale","11":"taxable","12":"shipping-taxable","13":"purchasable","14":"product-type-simple"},"_links":{"self":[{"href":"https:\/\/www.starkcamtek.com\/en\/wp-json\/wp\/v2\/product\/10132","targetHints":{"allow":["GET"]}}],"collection":[{"href":"https:\/\/www.starkcamtek.com\/en\/wp-json\/wp\/v2\/product"}],"about":[{"href":"https:\/\/www.starkcamtek.com\/en\/wp-json\/wp\/v2\/types\/product"}],"replies":[{"embeddable":true,"href":"https:\/\/www.starkcamtek.com\/en\/wp-json\/wp\/v2\/comments?post=10132"}],"version-history":[{"count":1,"href":"https:\/\/www.starkcamtek.com\/en\/wp-json\/wp\/v2\/product\/10132\/revisions"}],"predecessor-version":[{"id":10161,"href":"https:\/\/www.starkcamtek.com\/en\/wp-json\/wp\/v2\/product\/10132\/revisions\/10161"}],"wp:featuredmedia":[{"embeddable":true,"href":"https:\/\/www.starkcamtek.com\/en\/wp-json\/wp\/v2\/media\/10160"}],"wp:attachment":[{"href":"https:\/\/www.starkcamtek.com\/en\/wp-json\/wp\/v2\/media?parent=10132"}],"wp:term":[{"taxonomy":"product_brand","embeddable":true,"href":"https:\/\/www.starkcamtek.com\/en\/wp-json\/wp\/v2\/product_brand?post=10132"},{"taxonomy":"product_cat","embeddable":true,"href":"https:\/\/www.starkcamtek.com\/en\/wp-json\/wp\/v2\/product_cat?post=10132"},{"taxonomy":"product_tag","embeddable":true,"href":"https:\/\/www.starkcamtek.com\/en\/wp-json\/wp\/v2\/product_tag?post=10132"}],"curies":[{"name":"wp","href":"https:\/\/api.w.org\/{rel}","templated":true}]}}