{"id":10133,"date":"2025-10-16T16:03:45","date_gmt":"2025-10-16T13:03:45","guid":{"rendered":"https:\/\/www.starkcamtek.com\/?post_type=product&#038;p=10133"},"modified":"2025-11-14T13:40:27","modified_gmt":"2025-11-14T10:40:27","slug":"gold-air-prof-double-sogutucu-2-full-set","status":"publish","type":"product","link":"https:\/\/www.starkcamtek.com\/en\/urunlerimiz\/genel\/gold-air-prof-double-sogutucu-2-full-set\/","title":{"rendered":"GOLD-A\u0130R PROF (double) SO\u011eUTUCU 2 (FULL SET)"},"content":{"rendered":"<div class=\"product-detail\">\n<p><strong>Kamtek Petek Temizleme Makinas\u0131 GOLD-A\u0130R PROF DOUBLE SO\u011eUTUCULU Kompres\u00f6rl\u00fc Full\u00a0 Set<\/strong><\/p>\n<h4>2 Years Full Warranty with Engine Burns.<br \/>\n\u00c7\u0130FT SO\u011eUTUCULU OLUP KES\u0130NL\u0130KLE ISINMA YAPMAZ VE MAK\u0130NEN\u0130N \u00d6MR\u00dcN\u00dc UZATIR.<\/h4>\n<p><strong>Compressor Honeycomb Cleaning Machine<\/strong>, bas\u0131n\u00e7l\u0131 temiz su kullanarak, petek\/radyat\u00f6r\/kombinizi yerinden s\u00f6kmeden, petek kombi ve \u0131s\u0131tma sisteminin i\u00e7erisinde olu\u015fan \u00e7amur, kire\u00e7 ve pas birikintilerini \u00e7ok k\u0131sa bir s\u00fcrede temizlemek i\u00e7in profesyonel bir makinedir.<\/p>\n<p>GOLD-A\u0130R PROF DOUBLE SO\u011eUTUCU\u00a0 Petek Temizleme Makinesi, \u0131s\u0131tma ve tesisat sistemindeki, \u00e7amur, kire\u00e7, pas art\u0131klar\u0131n\u0131 bas\u0131n\u00e7l\u0131 temiz su kullanarak \u00e7ok h\u0131zl\u0131 bir \u015fekilde temizleyen bir makinedir. Sadece bir temizleme i\u015flemi sonras\u0131nda, kombinin optimum enerji verimlilik oran\u0131n\u0131 ve genel \u0131s\u0131tma sistem performans\u0131n\u0131 en y\u00fcksek seviyeye \u00e7\u0131kar\u0131r; kombi g\u00fcr\u00fclt\u00fcs\u00fcn\u00fc ortadan kald\u0131r\u0131r ve yak\u0131t t\u00fcketimini en aza indirerek enerji verimlili\u011fi sa\u011flar. <strong>%100 Yerli \u00dcretim<\/strong> Spare parts are easy to obtain. It is a professional machine with its ergonomic structure and stylish appearance.<\/p>\n<p><strong>Benefits of Using Machines.<\/strong><\/p>\n<ul>\n<li>It cleans lime, mud, corrosion and rust deposits in the heating and installation system.<\/li>\n<li>Eliminates calcification in the combi.<\/li>\n<li>It eliminates the noise operation and circulation problems of the boiler.<\/li>\n<li>It cleans and protects the entire heating and plumbing system at once.<\/li>\n<li>With its two-way washing technology, it completely cleans the system from dirt, rust and residues.<\/li>\n<\/ul>\n<p><strong>Box contents<\/strong><br \/>\n1 Adet Kamtek Petek Temizleme Makinas\u0131 GOLD-A\u0130R PROF DOUBLE SO\u011eUTUCU-\u00c7ift Y\u00f6nl\u00fc Kompres\u00f6rl\u00fc<br \/>\n2 x 2.35 meters Flow\/Return hose (high temperature resistant)<br \/>\n1 x 3.50 meter Waste Water Hose<br \/>\n1 Piece Clean Water Connection Hose<br \/>\n1 Silencer (air dust collector)<br \/>\n1 Articulated Waste Water Bin<br \/>\n1 Piece Hose Bag<br \/>\n1 User Manual<br \/>\n2 Year Warranty<br \/>\n1 Adet \u0130la\u00e7 kullanma Aparat\u0131<\/p>\n<p><strong>Certificates<\/strong><br \/>\nCE document<br \/>\nISO 9001:2008 Certificate<br \/>\nUtility Model Certificate<br \/>\nDesign Registration Certificate<br \/>\nTrademark registration certificate<\/p>\n<p><strong>How to Clean Honeycomb?<\/strong><\/p>\n<p>Bathrooms are the best place to clean heater cores.<\/p>\n<ol>\n<li>Banyodaki havlupan veya radyat\u00f6r\u00fc s\u00f6k\u00fcn, GOLD -A\u0130R\u00a0 PROF makinay\u0131 buraya ba\u011flay\u0131n.<\/li>\n<li>GOLD-PROF \u2018un \u201cRADYAT\u00d6R BASMA HATTI\u201dna ba\u011flad\u0131\u011f\u0131n\u0131z hortumun di\u011fer ucunu da s\u00f6kt\u00fc\u011f\u00fcn\u00fcz radyat\u00f6r\u00fcn s\u0131cak su geli\u015f y\u00f6n\u00fc vanas\u0131na tak\u0131n.<\/li>\n<li>Connect one end of the second hose to the radiator flow valve and put the other end in the toilet for draining.<\/li>\n<li>GOLD-A\u0130R PROF DOUBLE\u00a0 \u2018\u0131n \u201cTEM\u0130Z SU G\u0130R\u0130\u015e\u0130\u201dne ba\u011flad\u0131\u011f\u0131n\u0131z hortumun ucunu, Tesisata su verebilmek i\u00e7in banyodaki en yak\u0131n muslu\u011fa ba\u011flay\u0131n.<\/li>\n<li>Turn on the &quot;energy&quot; switch of the machine.<\/li>\n<li>Turn on the water and activate the &quot;wash mode&quot; button and start cleaning.<\/li>\n<li>Close all the honeycomb valves and start cleaning all the honeycombs one by one, leaving only 1 core open.<\/li>\n<li>Honeycombs one by one, min. Water circulation is provided in each honeycomb for 10 minutes.<\/li>\n<li>After the cleaning process is completed, water is pumped into the system with the help of the combi water completion valve and the process is completed.<\/li>\n<li>Cleaning the honeycombs takes about 40 minutes to 1 hour, depending on the pollution of the installation.<\/li>\n<\/ol>\n<p><strong>NOTE: THE PRODUCTS IN THE VISUAL MAY DIFFER IN COLOR AND DESIGN, WHILE THE TECHNICAL FEATURES DO NOT CHANGE.<\/strong><\/p>\n<p>For more information about honeycomb cleaning;\u00a0<a title=\"Kammak Blog\" href=\"http:\/\/www.kamtekmakina.com\/\">Click<\/a><\/p>\n<\/div>\n<div class=\"product-specs-table\">\n<table class=\"table\" style=\"width: 101.856%;height: 264px\">\n<tbody>\n<tr style=\"height: 24px\">\n<td style=\"height: 24px\">MEDICINE<\/td>\n<td style=\"height: 24px\">:<\/td>\n<td style=\"height: 24px\">\u00a0Compressor Cleaning Machine<\/td>\n<\/tr>\n<tr style=\"height: 24px\">\n<td style=\"height: 24px\">DOUBLE DIRECTION<\/td>\n<td style=\"height: 24px\">:<\/td>\n<td style=\"height: 24px\">There is<\/td>\n<\/tr>\n<tr style=\"height: 24px\">\n<td style=\"height: 24px\">HEATER<\/td>\n<td style=\"height: 24px\">:<\/td>\n<td style=\"height: 24px\">without heater<\/td>\n<\/tr>\n<tr style=\"height: 48px\">\n<td style=\"height: 48px\">USE OF CHEMICALS<\/td>\n<td style=\"height: 48px\">:<\/td>\n<td style=\"height: 48px\">There is<\/td>\n<\/tr>\n<tr style=\"height: 48px\">\n<td style=\"height: 48px\">MAXIMUM PRESSURE<\/td>\n<td style=\"height: 48px\">:<\/td>\n<td style=\"height: 48px\">8 bar \u00a0PROF DOUBLE SO\u011eUTUCU<\/td>\n<\/tr>\n<tr style=\"height: 24px\">\n<td style=\"height: 24px\">MOTOR POWER<\/td>\n<td style=\"height: 24px\">:<\/td>\n<td style=\"height: 24px\">750 W \/ 1 HP<\/td>\n<\/tr>\n<tr style=\"height: 24px\">\n<td style=\"height: 24px\">FLOW<\/td>\n<td style=\"height: 24px\">:<\/td>\n<td style=\"height: 24px\">110 lt\/min<\/td>\n<\/tr>\n<tr style=\"height: 24px\">\n<td style=\"height: 24px\">WEIGHT<\/td>\n<td style=\"height: 24px\">:<\/td>\n<td style=\"height: 24px\">22 kg.<\/td>\n<\/tr>\n<tr style=\"height: 24px\">\n<td style=\"height: 24px\">DIMENSION<\/td>\n<td style=\"height: 24px\">:<\/td>\n<td style=\"height: 24px\">50x40x70 cm.<\/td>\n<\/tr>\n<\/tbody>\n<\/table>\n<\/div>","protected":false},"excerpt":{"rendered":"<p>Kamtek Petek Temizleme Makinas\u0131 GOLD-A\u0130R PROF DOUBLE SO\u011eUTUCULU Kompres\u00f6rl\u00fc Full\u00a0 Set Motor Yanmalar\u0131 ile Birlikte 2 Y\u0131l Full Garanti. \u00c7\u0130FT SO\u011eUTUCULU OLUP KES\u0130NL\u0130KLE ISINMA YAPMAZ VE MAK\u0130NEN\u0130N \u00d6MR\u00dcN\u00dc UZATIR. Kompres\u00f6rl\u00fc Petek Temizleme Makinas\u0131, bas\u0131n\u00e7l\u0131 temiz su kullanarak, petek\/radyat\u00f6r\/kombinizi yerinden s\u00f6kmeden, petek kombi ve \u0131s\u0131tma sisteminin i\u00e7erisinde olu\u015fan \u00e7amur, kire\u00e7 ve pas birikintilerini \u00e7ok k\u0131sa bir [&hellip;]<\/p>","protected":false},"featured_media":10164,"comment_status":"open","ping_status":"closed","template":"","meta":[],"product_brand":[],"product_cat":[15,203],"product_tag":[],"class_list":{"0":"post-10133","1":"product","2":"type-product","3":"status-publish","4":"has-post-thumbnail","6":"product_cat-genel","7":"product_cat-petek-temizleme-makinasi","9":"first","10":"instock","11":"sale","12":"taxable","13":"shipping-taxable","14":"purchasable","15":"product-type-simple"},"_links":{"self":[{"href":"https:\/\/www.starkcamtek.com\/en\/wp-json\/wp\/v2\/product\/10133","targetHints":{"allow":["GET"]}}],"collection":[{"href":"https:\/\/www.starkcamtek.com\/en\/wp-json\/wp\/v2\/product"}],"about":[{"href":"https:\/\/www.starkcamtek.com\/en\/wp-json\/wp\/v2\/types\/product"}],"replies":[{"embeddable":true,"href":"https:\/\/www.starkcamtek.com\/en\/wp-json\/wp\/v2\/comments?post=10133"}],"version-history":[{"count":1,"href":"https:\/\/www.starkcamtek.com\/en\/wp-json\/wp\/v2\/product\/10133\/revisions"}],"predecessor-version":[{"id":10165,"href":"https:\/\/www.starkcamtek.com\/en\/wp-json\/wp\/v2\/product\/10133\/revisions\/10165"}],"wp:featuredmedia":[{"embeddable":true,"href":"https:\/\/www.starkcamtek.com\/en\/wp-json\/wp\/v2\/media\/10164"}],"wp:attachment":[{"href":"https:\/\/www.starkcamtek.com\/en\/wp-json\/wp\/v2\/media?parent=10133"}],"wp:term":[{"taxonomy":"product_brand","embeddable":true,"href":"https:\/\/www.starkcamtek.com\/en\/wp-json\/wp\/v2\/product_brand?post=10133"},{"taxonomy":"product_cat","embeddable":true,"href":"https:\/\/www.starkcamtek.com\/en\/wp-json\/wp\/v2\/product_cat?post=10133"},{"taxonomy":"product_tag","embeddable":true,"href":"https:\/\/www.starkcamtek.com\/en\/wp-json\/wp\/v2\/product_tag?post=10133"}],"curies":[{"name":"wp","href":"https:\/\/api.w.org\/{rel}","templated":true}]}}