{"id":10134,"date":"2025-10-16T16:03:45","date_gmt":"2025-10-16T13:03:45","guid":{"rendered":"https:\/\/www.starkcamtek.com\/?post_type=product&#038;p=10134"},"modified":"2025-11-14T13:41:37","modified_gmt":"2025-11-14T10:41:37","slug":"oto-kalorifer-radyator-temizleme-mak-prof-max-3","status":"publish","type":"product","link":"https:\/\/www.starkcamtek.com\/en\/urunlerimiz\/genel\/oto-kalorifer-radyator-temizleme-mak-prof-max-3\/","title":{"rendered":"AUTO HEATER RADIATOR CLEANING MAK PROF MAX-3"},"content":{"rendered":"<p>GOLD -A\u0130R PRO MAX -3\u00a0 MAK\u0130NANIN \u00d6ZEL\u0130KLER\u0130<br \/>\nT\u00fcrkiyenin ilk \u00e7anta tipi petek temizleme makinas\u0131 \u00e7antal\u0131 olup rahatl\u0131kla ta\u015f\u0131na bilen ,ve a\u00e7\u0131l\u0131p kapanabilen \u00e7ek\u00e7ek kulp ve teker sayesinde daha rahat makinan\u0131z\u0131n istedi\u011finiz yere \u00e7ekerek veya ta\u015f\u0131yabilirsiniz<br \/>\n\u00c7antal\u0131 petek temizleme makinemizin \u00e7anta gibi kapag\u0131n\u0131 a\u00e7t\u0131\u011f\u0131n\u0131zda makinenin kumanda panosu \u00e7antan\u0131n kapa\u011f\u0131ndad\u0131r ve \u00e7antan\u0131n g\u00f6vdesinde ise bas\u0131n\u00e7 ayar\u0131 bulumaktad\u0131r bas\u0131n\u00e7 g\u00f6stergesi hava tank\u0131n\u0131n doluluk oran\u0131n\u0131 g\u00f6steren bas\u0131n\u00e7 g\u00f6stergesinin sayesinde hava tank\u0131n\u0131n doluluk oran\u0131n\u0131 g\u00f6rebilirsiniz<br \/>\n\u00c7antal\u0131 petek temizleme makinesinin y\u0131kama esnas\u0131nda makinenizin suy ile temas\u0131n\u0131 yerden kesmek i\u00e7i makinenin g\u00f6desive katlanabilen 30 cm yuksekli\u011finde 4 ad ayak bulumaktad\u0131r y\u0131kama esnas\u0131nda makinenizin \u0131s\u0131s\u0131n\u0131 kontrol alt\u0131na alabilmek i\u00e7in turbo fan so\u011futucu bulunmaktad\u0131r .<br \/>\nGOLD-A\u0130R PRO\u00a0 Makinesinin g\u00f6vde \u00fczerinde 1 ad hava jak\u0131 bulunmaktad\u0131r hava jak\u0131 sayesinde istedi\u011finiz herhangibibir hava ihtiyac\u0131nda kulan\u0131lmaktad\u0131r .<\/p>\n<h4>2 Years Full Warranty with Engine Burns.<\/h4>\n<p><strong>Compressor Honeycomb Cleaning Machine<\/strong>It is an ideal machine for cleaning the mud, lime and rust deposits in the honeycomb combi boiler and heating system in a very short time, using pressurized clean water, without disassembling the core\/radiator\/boiler.<\/p>\n<p>Gold-Air Pro Max 3 Petek Temizleme Makinesi, \u0131s\u0131tma ve radyat\u00f6r sistemindeki, \u00e7amur, kire\u00e7, pas art\u0131klar\u0131n\u0131 bas\u0131n\u00e7l\u0131 temiz su kullanarak \u00e7ok h\u0131zl\u0131 bir \u015fekilde temizleyen bir makinedir. Sadece bir temizleme i\u015flemi sonras\u0131nda, enerji verimlili\u011fi oran\u0131n\u0131 ve genel \u0131s\u0131tma sistem performans\u0131n\u0131 en y\u00fcksek seviyeye \u00e7\u0131kar\u0131r; g\u00fcr\u00fclt\u00fcs\u00fcn\u00fc ortadan kald\u0131r\u0131r ve yak\u0131t t\u00fcketimini en aza indirerek enerji verimlili\u011fini sa\u011flar. <strong>%100 Yerli \u00dcretim<\/strong> oldu\u011fundan yedek par\u00e7a temini kolayd\u0131r. Ergonomik yap\u0131s\u0131 ve \u015f\u0131k g\u00f6r\u00fcn\u00fcm\u00fcyle profesyonel, kompakt bir makinedir.<\/p>\n<p><strong>Benefits of Using Machines.<\/strong><\/p>\n<ul>\n<li>It cleans lime, mud, corrosion and rust deposits in the heating and installation system.<\/li>\n<li>Radyat\u00f6r i\u00e7erisindeki kire\u00e7lenmeyi yok eder.<\/li>\n<li>ARA\u00c7 radyat\u00f6r\u00fcn\u00fcn g\u00fcr\u00fclt\u00fc \u00e7al\u0131\u015fmas\u0131n\u0131 ve sirk\u00fclasyon problemlerini giderir.<\/li>\n<li>It cleans and protects the entire heating and plumbing system at once.<\/li>\n<li>With its two-way washing technology, it completely cleans the system from dirt, rust and residues.<\/li>\n<\/ul>\n<p><strong>Box contents<\/strong><br \/>\n1 Adet Kamtek Petek Temizleme Makinas\u0131 Gold-Air PrO max 1-\u00c7ift Y\u00f6nl\u00fc Kompres\u00f6rl\u00fc<br \/>\n2 Adet 4 metre Gidi\u015f\/D\u00f6n\u00fc\u015f hortumu (y\u00fcksek \u0131s\u0131ya dayan\u0131kl\u0131)<br \/>\n1 Adet 4\u00a0 Metre At\u0131k Su Hortumu<br \/>\n1 Piece Clean Water Connection Hose<br \/>\n1 Articulated Waste Water Bin<br \/>\n1 Piece Hose Bag<br \/>\n1 User Manual<br \/>\n2 Year Warranty<br \/>\n1 Adet Doza\u00e7lama Aparat\u0131(\u0130LA\u00c7 KULANIMI \u0130\u00c7\u0130N F\u0130L\u0130TREL\u0130 )<br \/>\n6 Adet radyat\u00f6r ba\u011flama u\u00e7lar\u0131<\/p>\n<p><strong>Certificates<\/strong><br \/>\nCE document<br \/>\nISO 9001:2008 Certificate<br \/>\nUtility Model Certificate<br \/>\nDesign Registration Certificate<br \/>\nTrademark registration certificate<\/p>\n<div class=\"product-detail\">\n<p>NOTE: THE PRODUCTS IN THE VISUAL MAY DIFFER IN COLOR AND DESIGN, WHILE THE TECHNICAL FEATURES DO NOT CHANGE.<\/p>\n<p>For more information about honeycomb cleaning;\u00a0<a title=\"Kammak Blog\" href=\"http:\/\/www.kamtekmakina.com\/\">Click<\/a><\/p>\n<\/div>\n<div class=\"product-specs-table\">\n<table class=\"table\" style=\"width: 95.4051%;height: 276px\">\n<tbody>\n<tr style=\"height: 24px\">\n<td style=\"height: 24px;width: 33.3736%\">MEDICINE<\/td>\n<td style=\"height: 24px;width: 1.57195%\">:<\/td>\n<td style=\"height: 24px;width: 59.5757%\">Compressor Cleaning Machine<\/td>\n<\/tr>\n<tr style=\"height: 24px\">\n<td style=\"height: 24px;width: 33.3736%\">DOUBLE DIRECTION<\/td>\n<td style=\"height: 24px;width: 1.57195%\">:<\/td>\n<td style=\"height: 24px;width: 59.5757%\">There is<\/td>\n<\/tr>\n<tr style=\"height: 24px\">\n<td style=\"height: 24px;width: 33.3736%\">HEATER<\/td>\n<td style=\"height: 24px;width: 1.57195%\">:<\/td>\n<td style=\"height: 24px;width: 59.5757%\">without heater<\/td>\n<\/tr>\n<tr style=\"height: 48px\">\n<td style=\"height: 48px;width: 33.3736%\">USE OF CHEMICALS<\/td>\n<td style=\"height: 48px;width: 1.57195%\">:<\/td>\n<td style=\"height: 48px;width: 59.5757%\">Yok(Aparat Var Kimyasal Aparat Kulan\u0131m\u0131 \u0130\u00e7in)!<\/td>\n<\/tr>\n<tr style=\"height: 48px\">\n<td style=\"height: 48px;width: 33.3736%\">MAXIMUM PRESSURE<\/td>\n<td style=\"height: 48px;width: 1.57195%\">:<\/td>\n<td style=\"height: 48px;width: 59.5757%\">8 bars<\/td>\n<\/tr>\n<tr style=\"height: 24px\">\n<td style=\"height: 24px;width: 33.3736%\">MOTOR POWER<\/td>\n<td style=\"height: 24px;width: 1.57195%\">:<\/td>\n<td style=\"height: 24px;width: 59.5757%\">750 W \/ 1 HP<\/td>\n<\/tr>\n<tr style=\"height: 24px\">\n<td style=\"height: 24px;width: 33.3736%\">FLOW<\/td>\n<td style=\"height: 24px;width: 1.57195%\">:<\/td>\n<td style=\"height: 24px;width: 59.5757%\">110 lt\/min<\/td>\n<\/tr>\n<tr style=\"height: 24px\">\n<td style=\"height: 24px;width: 33.3736%\">WEIGHT<\/td>\n<td style=\"height: 24px;width: 1.57195%\">:<\/td>\n<td style=\"height: 24px;width: 59.5757%\">20 kg.<\/td>\n<\/tr>\n<tr style=\"height: 24px\">\n<td style=\"height: 36px;width: 33.3736%\">DIMENSION<\/td>\n<td style=\"height: 36px;width: 1.57195%\">:<\/td>\n<td style=\"height: 36px;width: 59.5757%\">44&#215;44.5&#215;26 cm.<\/td>\n<\/tr>\n<\/tbody>\n<\/table>\n<\/div>","protected":false},"excerpt":{"rendered":"<p>GOLD -A\u0130R PRO MAX -3\u00a0 MAK\u0130NANIN \u00d6ZEL\u0130KLER\u0130 T\u00fcrkiyenin ilk \u00e7anta tipi petek temizleme makinas\u0131 \u00e7antal\u0131 olup rahatl\u0131kla ta\u015f\u0131na bilen ,ve a\u00e7\u0131l\u0131p kapanabilen \u00e7ek\u00e7ek kulp ve teker sayesinde daha rahat makinan\u0131z\u0131n istedi\u011finiz yere \u00e7ekerek veya ta\u015f\u0131yabilirsiniz \u00c7antal\u0131 petek temizleme makinemizin \u00e7anta gibi kapag\u0131n\u0131 a\u00e7t\u0131\u011f\u0131n\u0131zda makinenin kumanda panosu \u00e7antan\u0131n kapa\u011f\u0131ndad\u0131r ve \u00e7antan\u0131n g\u00f6vdesinde ise bas\u0131n\u00e7 ayar\u0131 bulumaktad\u0131r [&hellip;]<\/p>","protected":false},"featured_media":10171,"comment_status":"open","ping_status":"closed","template":"","meta":[],"product_brand":[],"product_cat":[15,205],"product_tag":[],"class_list":{"0":"post-10134","1":"product","2":"type-product","3":"status-publish","4":"has-post-thumbnail","6":"product_cat-genel","7":"product_cat-oto-radyator-temizleme-makinalari","9":"first","10":"instock","11":"sale","12":"taxable","13":"shipping-taxable","14":"purchasable","15":"product-type-simple"},"_links":{"self":[{"href":"https:\/\/www.starkcamtek.com\/en\/wp-json\/wp\/v2\/product\/10134","targetHints":{"allow":["GET"]}}],"collection":[{"href":"https:\/\/www.starkcamtek.com\/en\/wp-json\/wp\/v2\/product"}],"about":[{"href":"https:\/\/www.starkcamtek.com\/en\/wp-json\/wp\/v2\/types\/product"}],"replies":[{"embeddable":true,"href":"https:\/\/www.starkcamtek.com\/en\/wp-json\/wp\/v2\/comments?post=10134"}],"version-history":[{"count":1,"href":"https:\/\/www.starkcamtek.com\/en\/wp-json\/wp\/v2\/product\/10134\/revisions"}],"predecessor-version":[{"id":10172,"href":"https:\/\/www.starkcamtek.com\/en\/wp-json\/wp\/v2\/product\/10134\/revisions\/10172"}],"wp:featuredmedia":[{"embeddable":true,"href":"https:\/\/www.starkcamtek.com\/en\/wp-json\/wp\/v2\/media\/10171"}],"wp:attachment":[{"href":"https:\/\/www.starkcamtek.com\/en\/wp-json\/wp\/v2\/media?parent=10134"}],"wp:term":[{"taxonomy":"product_brand","embeddable":true,"href":"https:\/\/www.starkcamtek.com\/en\/wp-json\/wp\/v2\/product_brand?post=10134"},{"taxonomy":"product_cat","embeddable":true,"href":"https:\/\/www.starkcamtek.com\/en\/wp-json\/wp\/v2\/product_cat?post=10134"},{"taxonomy":"product_tag","embeddable":true,"href":"https:\/\/www.starkcamtek.com\/en\/wp-json\/wp\/v2\/product_tag?post=10134"}],"curies":[{"name":"wp","href":"https:\/\/api.w.org\/{rel}","templated":true}]}}