{"id":10142,"date":"2025-10-16T16:03:46","date_gmt":"2025-10-16T13:03:46","guid":{"rendered":"https:\/\/www.starkcamtek.com\/?post_type=product&#038;p=10142"},"modified":"2025-11-14T13:41:55","modified_gmt":"2025-11-14T10:41:55","slug":"ktm-atlantik-dusuk-basincli-klima-temizleme-makinesi","status":"publish","type":"product","link":"https:\/\/www.starkcamtek.com\/en\/urunlerimiz\/klima-temizleme-makinalari\/ktm-atlantik-dusuk-basincli-klima-temizleme-makinesi\/","title":{"rendered":"KTM ATLANT\u0130K ( D\u00dc\u015e\u00dcK BASIN\u00c7LI KL\u0130MA TEM\u0130ZLEME MAK\u0130NES\u0130 )"},"content":{"rendered":"<div style=\"width: 848px;\" class=\"wp-video\"><video class=\"wp-video-shortcode\" id=\"video-10142-1\" width=\"848\" height=\"480\" preload=\"metadata\" controls=\"controls\"><source type=\"video\/mp4\" src=\"https:\/\/www.kamtekmakina.com\/wp-content\/uploads\/2022\/11\/DUSUK-KLIMA-.mp4?_=1\" \/><a href=\"https:\/\/www.kamtekmakina.com\/wp-content\/uploads\/2022\/11\/DUSUK-KLIMA-.mp4\">https:\/\/www.kamtekmakina.com\/wp-content\/uploads\/2022\/11\/DUSUK-KLIMA-.mp4<\/a><\/video><\/div>\n<p><strong>\u00a0Klima Temizleme Makinesi<\/strong><\/p>\n<p>kamtek makine olarak, y\u0131llar\u0131n verdi\u011fi , farkl\u0131 makine gruplar\u0131nda uzmanla\u015fm\u0131\u015f ve deneyim kazanm\u0131\u015f ustal\u0131\u011f\u0131m\u0131zla, yeni makinalar\u0131 , i\u015f d\u00fcnyas\u0131n\u0131n hizmetine sunmaya devam ediyoruz.<\/p>\n<p>T\u00fcrkiye\u2019de \u0130lk Olan Klima Temizleme Makinesi lansman\u0131 ve sat\u0131\u015f\u0131 sonras\u0131nda, sekt\u00f6r\u00fcm\u00fczde, ustalar\u0131m\u0131z\u0131n i\u015fini kolayla\u015ft\u0131racak, \u00e7ok \u00f6nemli makinalar\u0131m\u0131zdan Birisidir.<br \/>\n\u00dcr\u00fcnlerimizin Tamam\u0131 Kendi b\u00fcnyemizde \u00dcretilmektedir. M\u00fc\u015fteri hizmetleri, Yedek par\u00e7a , \u00dcr\u00fcn Kalitesi ve Liderlik konusunda Her zaman 1. S\u0131raday\u0131z!<\/p>\n<p>\u00d6zellikle yap\u0131 ve tesisat sekt\u00f6r\u00fcne y\u00f6nelik inovatif ve katma de\u011feri y\u00fcksek kaliteli, kullan\u0131m\u0131 kolay makinalar \u00fcretmek ve \u00fcst s\u0131n\u0131f destek sa\u011flamakt\u0131r.<br \/>\nKamtek Makina \u015firketinin T\u00fcrkiye\u2019de \u00fcretti\u011fi\u00a0<strong>KL\u0130MA TEM\u0130ZLEME MAK\u0130NES\u0130<\/strong>\u00a0bu sekt\u00f6rde sizin sorunlar\u0131n\u0131z\u0131 fazlas\u0131yla \u00e7\u00f6zecektir. \u00dcr\u00fcn her t\u00fcrl\u00fc Klima Temizlemelerinde , bu i\u015fi profesyonel olarak yapmayan bireylerin bile kolayca kullanabilece\u011fi seviyede, kendi k\u00fc\u00e7\u00fck, i\u015flevi b\u00fcy\u00fck bir kullan\u0131m kolayl\u0131\u011f\u0131 sa\u011fl\u0131yor.<\/p>\n<p>Sadece 120W elektrik g\u00fcc\u00fc kullanarak elde ta\u015f\u0131nabilen Klima Temizleme makinas\u0131 size hem zamandan, hem de masraftan tasarruf ettirebiliyor.<\/p>\n<p><strong>\u00a0\u00a0\u00a0 \u00a0\u00a0\u00a0\u00a0\u00a0\u00a0\u00a0\u00a0\u00a0\u00a0\u00a0\u00a0\u00a0\u00a0\u00a0\u00a0\u00a0\u00a0\u00a0\u00a0\u00a0\u00a0\u00a0\u00a0\u00a0\u00a0\u00a0\u00a0\u00a0\u00a0\u00a0\u00a0\u00a0\u00a0\u00a0\u00a0\u00a0\u00a0\u00a0\u00a0\u00a0\u00a0\u00a0\u00a0\u00a0\u00a0\u00a0\u00a0\u00a0\u00a0\u00a0\u00a0\u00a0\u00a0\u00a0\u00a0\u00a0\u00a0\u00a0\u00a0\u00a0\u00a0\u00a0\u00a0 Ne i\u00e7in Klima temizlenmelidir?<\/strong><br \/>\nBir klima ne kadar do\u011fru se\u00e7ilirse se\u00e7ilsin kliman\u0131n do\u011fru \u015fekilde kullan\u0131lmas\u0131 ve belli aral\u0131klar ile bak\u0131m\u0131n\u0131n yap\u0131lmas\u0131, filtresinin temizlenmesi de bir o kadar \u00f6nemlidir. \u0130\u00e7 \u00fcnite filtresinde \u00e7ok fazla toz birikirse, kliman\u0131z yeterli miktarda hava emi\u015fi yapamaz. Bu durum, oda s\u0131cakl\u0131\u011f\u0131nda soruna sebep olabilir. Her 2 haftada bir veya kliman\u0131zda uyar\u0131 belirdi\u011finde, i\u00e7 \u00fcnite ekran\u0131nda CF ekran kodu belirdi\u011finde, filtreyi temizlemeniz b\u00fcy\u00fck fayda sa\u011flayacakt\u0131r.<\/p>\n<p><strong>\u00a0 \u00a0 \u00a0 \u00a0 \u00a0 \u00a0 \u00a0 \u00a0 \u00a0 \u00a0 \u00a0 \u00a0 \u00a0 \u00a0 \u00a0 \u00a0 \u00a0 \u00a0 \u00a0 \u00a0 \u00a0 \u00a0 \u00a0 \u00a0 \u00a0 \u00a0 \u00a0 \u00a0 \u00a0 \u00a0 \u00a0 \u00a0 \u00a0 \u00a0 \u00a0 \u00a0Klima Temizli\u011fi nas\u0131l yap\u0131l\u0131r?<\/strong><\/p>\n<ul>\n<li>\u0130lk olarak S\u00f6k\u00fcme ba\u015flamadan \u00f6nce elektrik enerjisini kesmeyi unutmay\u0131n\u0131z !<\/li>\n<li>Filtreyi \u00fcniteden t\u0131rnaklar\u0131n\u0131 kald\u0131rarak \u00e7\u0131kar\u0131n.<\/li>\n<li>Elektrik b\u00f6l\u00fcm\u00fcn po\u015fet ile muhafaza ediniz.<\/li>\n<li>Klima \u00e7ad\u0131r\u0131n\u0131n montaj\u0131n\u0131 yap\u0131n\u0131z.<\/li>\n<li>Dezenfekte ilac\u0131n\u0131 klima radyat\u00f6r\u00fcn\u00fcn \u00fczerine s\u0131k\u0131n\u0131z.<\/li>\n<li>F\u0131r\u00e7a yard\u0131m\u0131\u00a0 ile ilac\u0131 her tarafa yay\u0131n\u0131z.<\/li>\n<li>Klima temizleme makinesinin start tu\u015funa bas\u0131n\u0131z ve temizli\u011fe ba\u015flay\u0131n\u0131z.<\/li>\n<li>Temizlik bittikten sonra sempantiyon suyunun s\u00fcz\u00fclmesini bekleyiniz.<\/li>\n<li>Filtreyi tekrar klimaya yerle\u015ftirmek i\u00e7in, tamamen kurumas\u0131n\u0131 bekleyin. (Klimay\u0131 filtre olmadan \u00e7al\u0131\u015ft\u0131rmay\u0131n.)<\/li>\n<li>Bez yard\u0131m\u0131 ile kurulama i\u015flemini yap\u0131p , s\u00f6k\u00fclen \u00fcniteyi yerine tak\u0131n\u0131z.<\/li>\n<\/ul>\n<p><strong>\u00a0 \u00a0 \u00a0 \u00a0 \u00a0 \u00a0 \u00a0 \u00a0 \u00a0 \u00a0 \u00a0 \u00a0 \u00a0 \u00a0 \u00a0 \u00a0 \u00a0 \u00a0 \u00a0 \u00a0 \u00a0 \u00a0 \u00a0 \u00a0 \u00a0 \u00a0 \u00a0 \u00a0 \u00a0 \u00a0 \u00a0 \u00a0 Klima Temizleme makinesi \u00d6zellikleri<\/strong><\/p>\n<ul>\n<li>\u00a02-4 bar bas\u0131n\u00e7<\/li>\n<li>90\u00a0 dereceye kadar rezidans \u0131s\u0131t\u0131c\u0131<\/li>\n<li>120 wolt ( ev elektri\u011fi )<\/li>\n<li>15 litre bidon hacmi<\/li>\n<li>7\u00a0 kg a\u011f\u0131rl\u0131k<\/li>\n<li>Bas\u0131n\u00e7 g\u00f6sterme saati<\/li>\n<li>\u00d6l\u00e7\u00fcler: 42x20x45<\/li>\n<\/ul>\n<p><strong>\u00a0 \u00a0 \u00a0 \u00a0 \u00a0 \u00a0 \u00a0 \u00a0 \u00a0 \u00a0 \u00a0 \u00a0 \u00a0 \u00a0 \u00a0 \u00a0 \u00a0 \u00a0 \u00a0 \u00a0 \u00a0 \u00a0 \u00a0 \u00a0 \u00a0 \u00a0 \u00a0 \u00a0 \u00a0 Klima temizleme makinesi nas\u0131l kullan\u0131l\u0131r ?<\/strong><\/p>\n<ul>\n<li>Bidon i\u00e7erisine \u015eebeke hortumuyla\u00a0 10 lt su ekleyiniz.<\/li>\n<li>Rezidans star tu\u015funa bas\u0131n\u0131z.<\/li>\n<li>Makine i\u00e7erisindeki su 60-80 \u00b0C\u2018ye kadar \u0131s\u0131t\u0131l\u0131r. ( Ama\u00e7: Tesisattaki kire\u00e7 tortular\u0131n yumu\u015fat\u0131lmas\u0131 ve kimyasallar\u0131n s\u0131cak suda daha etkin hale gelmesi. )<\/li>\n<li>Start tu\u015funa bas\u0131p , y\u0131kamaya ba\u015flay\u0131n\u0131z.<\/li>\n<li>Temizli\u011fin tamamlanmas\u0131 genellikle 30 dk s\u00fcrmektedir.<\/li>\n<li>Bu \u00fcr\u00fcn s\u00fcrekli \u00e7al\u0131\u015f\u0131m i\u00e7in uygun de\u011fildir. Aral\u0131kl\u0131 \u00e7al\u0131\u015fmaya uygundur .<\/li>\n<\/ul>\n<p>&nbsp;<\/p>\n<p><strong>Klima temizleme makinesi i\u00e7erisinde bulunan malzemeler ?<\/strong><\/p>\n<ul>\n<li>Makine<\/li>\n<li>Y\u0131kama Hortumu<\/li>\n<li>Garanti belgesi<\/li>\n<\/ul>","protected":false},"excerpt":{"rendered":"<p>\u00a0Klima Temizleme Makinesi kamtek makine olarak, y\u0131llar\u0131n verdi\u011fi , farkl\u0131 makine gruplar\u0131nda uzmanla\u015fm\u0131\u015f ve deneyim kazanm\u0131\u015f ustal\u0131\u011f\u0131m\u0131zla, yeni makinalar\u0131 , i\u015f d\u00fcnyas\u0131n\u0131n hizmetine sunmaya devam ediyoruz. T\u00fcrkiye\u2019de \u0130lk Olan Klima Temizleme Makinesi lansman\u0131 ve sat\u0131\u015f\u0131 sonras\u0131nda, sekt\u00f6r\u00fcm\u00fczde, ustalar\u0131m\u0131z\u0131n i\u015fini kolayla\u015ft\u0131racak, \u00e7ok \u00f6nemli makinalar\u0131m\u0131zdan Birisidir. \u00dcr\u00fcnlerimizin Tamam\u0131 Kendi b\u00fcnyemizde \u00dcretilmektedir. M\u00fc\u015fteri hizmetleri, Yedek par\u00e7a , \u00dcr\u00fcn [&hellip;]<\/p>","protected":false},"featured_media":10196,"comment_status":"open","ping_status":"closed","template":"","meta":[],"product_brand":[],"product_cat":[206],"product_tag":[],"class_list":{"0":"post-10142","1":"product","2":"type-product","3":"status-publish","4":"has-post-thumbnail","6":"product_cat-klima-temizleme-makinalari","8":"first","9":"instock","10":"sale","11":"taxable","12":"shipping-taxable","13":"purchasable","14":"product-type-simple"},"_links":{"self":[{"href":"https:\/\/www.starkcamtek.com\/en\/wp-json\/wp\/v2\/product\/10142","targetHints":{"allow":["GET"]}}],"collection":[{"href":"https:\/\/www.starkcamtek.com\/en\/wp-json\/wp\/v2\/product"}],"about":[{"href":"https:\/\/www.starkcamtek.com\/en\/wp-json\/wp\/v2\/types\/product"}],"replies":[{"embeddable":true,"href":"https:\/\/www.starkcamtek.com\/en\/wp-json\/wp\/v2\/comments?post=10142"}],"version-history":[{"count":1,"href":"https:\/\/www.starkcamtek.com\/en\/wp-json\/wp\/v2\/product\/10142\/revisions"}],"predecessor-version":[{"id":10197,"href":"https:\/\/www.starkcamtek.com\/en\/wp-json\/wp\/v2\/product\/10142\/revisions\/10197"}],"wp:featuredmedia":[{"embeddable":true,"href":"https:\/\/www.starkcamtek.com\/en\/wp-json\/wp\/v2\/media\/10196"}],"wp:attachment":[{"href":"https:\/\/www.starkcamtek.com\/en\/wp-json\/wp\/v2\/media?parent=10142"}],"wp:term":[{"taxonomy":"product_brand","embeddable":true,"href":"https:\/\/www.starkcamtek.com\/en\/wp-json\/wp\/v2\/product_brand?post=10142"},{"taxonomy":"product_cat","embeddable":true,"href":"https:\/\/www.starkcamtek.com\/en\/wp-json\/wp\/v2\/product_cat?post=10142"},{"taxonomy":"product_tag","embeddable":true,"href":"https:\/\/www.starkcamtek.com\/en\/wp-json\/wp\/v2\/product_tag?post=10142"}],"curies":[{"name":"wp","href":"https:\/\/api.w.org\/{rel}","templated":true}]}}