{"id":10146,"date":"2025-10-16T16:03:46","date_gmt":"2025-10-16T13:03:46","guid":{"rendered":"https:\/\/www.starkcamtek.com\/?post_type=product&#038;p=10146"},"modified":"2025-10-16T16:10:37","modified_gmt":"2025-10-16T13:10:37","slug":"yerden-isitma-hortum-acma-makarasi","status":"publish","type":"product","link":"https:\/\/www.starkcamtek.com\/en\/urunlerimiz\/genel\/yerden-isitma-hortum-acma-makarasi\/","title":{"rendered":"Yerden \u0131s\u0131tma (Hortum a\u00e7ma makaras\u0131)"},"content":{"rendered":"<ul>\n<li data-start=\"222\" data-end=\"563\">\n<p data-start=\"225\" data-end=\"258\"><strong data-start=\"225\" data-end=\"258\">Boru A\u00e7\u0131l\u0131m\u0131n\u0131 Kolayla\u015ft\u0131r\u0131r:<\/strong><\/p>\n<ul data-start=\"262\" data-end=\"563\">\n<li data-start=\"262\" data-end=\"380\">\n<p data-start=\"264\" data-end=\"380\">Yerden \u0131s\u0131tma sistemlerinde kullan\u0131lan PEX, PE-RT gibi rulolu borular genelde 200-250 metre aras\u0131 makaralarda gelir.<\/p>\n<\/li>\n<li data-start=\"384\" data-end=\"488\">\n<p data-start=\"386\" data-end=\"488\">Bu makaralar\u0131n a\u00e7\u0131l\u0131m\u0131, makaraya yerle\u015ftirilmeden yap\u0131l\u0131rsa boru dolan\u0131r, k\u0131r\u0131labilir veya ezilebilir.<\/p>\n<\/li>\n<li data-start=\"492\" data-end=\"563\">\n<p data-start=\"494\" data-end=\"563\">Boru makaras\u0131, borunun d\u00fczg\u00fcn ve k\u0131vr\u0131ms\u0131z \u015fekilde a\u00e7\u0131lmas\u0131n\u0131 sa\u011flar.<\/p>\n<\/li>\n<\/ul>\n<\/li>\n<li data-start=\"565\" data-end=\"764\">\n<p data-start=\"568\" data-end=\"601\"><strong data-start=\"568\" data-end=\"601\">\u0130\u015f G\u00fcc\u00fcnden Tasarruf Ettirir:<\/strong><\/p>\n<ul data-start=\"605\" data-end=\"764\">\n<li data-start=\"605\" data-end=\"683\">\n<p data-start=\"607\" data-end=\"683\">Tek ki\u015finin rahatl\u0131kla boru d\u00f6\u015femesine imk\u00e2n tan\u0131r. Yard\u0131mc\u0131ya gerek kalmaz.<\/p>\n<\/li>\n<li data-start=\"687\" data-end=\"764\">\n<p data-start=\"689\" data-end=\"764\">Boru \u00e7ekilirken makaray\u0131 sabit tutar ve kontroll\u00fc \u015fekilde d\u00f6nmesini sa\u011flar.<\/p>\n<\/li>\n<\/ul>\n<\/li>\n<li data-start=\"766\" data-end=\"1009\">\n<p data-start=\"769\" data-end=\"808\"><strong data-start=\"769\" data-end=\"808\">Boruyu K\u0131rmadan Yat\u0131rman\u0131z\u0131 Sa\u011flar:<\/strong><\/p>\n<ul data-start=\"812\" data-end=\"1009\">\n<li data-start=\"812\" data-end=\"902\">\n<p data-start=\"814\" data-end=\"902\">Dar d\u00f6n\u00fc\u015flerde veya uzun hatlarda borunun k\u0131vr\u0131lmas\u0131n\u0131 \u00f6nler, d\u00fczg\u00fcn yay\u0131lmas\u0131n\u0131 sa\u011flar.<\/p>\n<\/li>\n<li data-start=\"906\" data-end=\"1009\">\n<p data-start=\"908\" data-end=\"1009\">\u00d6zellikle \u0131s\u0131tma sistemlerinde borunun e\u011filmeden d\u00fczg\u00fcn yay\u0131lmas\u0131 performans a\u00e7\u0131s\u0131ndan \u00e7ok \u00f6nemlidir.<\/p>\n<\/li>\n<\/ul>\n<\/li>\n<li data-start=\"1011\" data-end=\"1119\">\n<p data-start=\"1014\" data-end=\"1035\"><strong data-start=\"1014\" data-end=\"1035\">Zaman Kazand\u0131r\u0131r:<\/strong><\/p>\n<ul data-start=\"1039\" data-end=\"1119\">\n<li data-start=\"1039\" data-end=\"1119\">\n<p data-start=\"1041\" data-end=\"1119\">Proje s\u00fcresini k\u0131salt\u0131r. Karma\u015f\u0131k uygulamalarda h\u0131zla boru serimi yap\u0131labilir.<\/p>\n<\/li>\n<li data-start=\"1039\" data-end=\"1119\">Manuel d\u00f6ner makaralar<\/li>\n<li data-start=\"1039\" data-end=\"1119\">Ayarlanabilir boru \u00e7ap\u0131 destekleyen sistemler<\/li>\n<\/ul>\n<\/li>\n<\/ul>","protected":false},"excerpt":{"rendered":"<p>Boru A\u00e7\u0131l\u0131m\u0131n\u0131 Kolayla\u015ft\u0131r\u0131r: Yerden \u0131s\u0131tma sistemlerinde kullan\u0131lan PEX, PE-RT gibi rulolu borular genelde 200-250 metre aras\u0131 makaralarda gelir. Bu makaralar\u0131n a\u00e7\u0131l\u0131m\u0131, makaraya yerle\u015ftirilmeden yap\u0131l\u0131rsa boru dolan\u0131r, k\u0131r\u0131labilir veya ezilebilir. Boru makaras\u0131, borunun d\u00fczg\u00fcn ve k\u0131vr\u0131ms\u0131z \u015fekilde a\u00e7\u0131lmas\u0131n\u0131 sa\u011flar. \u0130\u015f G\u00fcc\u00fcnden Tasarruf Ettirir: Tek ki\u015finin rahatl\u0131kla boru d\u00f6\u015femesine imk\u00e2n tan\u0131r. Yard\u0131mc\u0131ya gerek kalmaz. Boru \u00e7ekilirken makaray\u0131 [&hellip;]<\/p>","protected":false},"featured_media":10213,"comment_status":"open","ping_status":"closed","template":"","meta":[],"product_brand":[],"product_cat":[15],"product_tag":[],"class_list":{"0":"post-10146","1":"product","2":"type-product","3":"status-publish","4":"has-post-thumbnail","6":"product_cat-genel","8":"first","9":"instock","10":"sale","11":"taxable","12":"shipping-taxable","13":"purchasable","14":"product-type-simple"},"_links":{"self":[{"href":"https:\/\/www.starkcamtek.com\/en\/wp-json\/wp\/v2\/product\/10146","targetHints":{"allow":["GET"]}}],"collection":[{"href":"https:\/\/www.starkcamtek.com\/en\/wp-json\/wp\/v2\/product"}],"about":[{"href":"https:\/\/www.starkcamtek.com\/en\/wp-json\/wp\/v2\/types\/product"}],"replies":[{"embeddable":true,"href":"https:\/\/www.starkcamtek.com\/en\/wp-json\/wp\/v2\/comments?post=10146"}],"version-history":[{"count":1,"href":"https:\/\/www.starkcamtek.com\/en\/wp-json\/wp\/v2\/product\/10146\/revisions"}],"predecessor-version":[{"id":10214,"href":"https:\/\/www.starkcamtek.com\/en\/wp-json\/wp\/v2\/product\/10146\/revisions\/10214"}],"wp:featuredmedia":[{"embeddable":true,"href":"https:\/\/www.starkcamtek.com\/en\/wp-json\/wp\/v2\/media\/10213"}],"wp:attachment":[{"href":"https:\/\/www.starkcamtek.com\/en\/wp-json\/wp\/v2\/media?parent=10146"}],"wp:term":[{"taxonomy":"product_brand","embeddable":true,"href":"https:\/\/www.starkcamtek.com\/en\/wp-json\/wp\/v2\/product_brand?post=10146"},{"taxonomy":"product_cat","embeddable":true,"href":"https:\/\/www.starkcamtek.com\/en\/wp-json\/wp\/v2\/product_cat?post=10146"},{"taxonomy":"product_tag","embeddable":true,"href":"https:\/\/www.starkcamtek.com\/en\/wp-json\/wp\/v2\/product_tag?post=10146"}],"curies":[{"name":"wp","href":"https:\/\/api.w.org\/{rel}","templated":true}]}}